{"id":820,"date":"2021-11-01T22:37:07","date_gmt":"2021-11-01T18:37:07","guid":{"rendered":"https:\/\/mohurcu.az\/t%c9%99l%c9%99b-olunan-s%c9%99n%c9%99dl%c9%99r\/"},"modified":"2021-12-26T22:01:46","modified_gmt":"2021-12-26T18:01:46","slug":"neobxodimie-dokumenti","status":"publish","type":"page","link":"https:\/\/mohurcu.az\/ru\/neobxodimie-dokumenti\/","title":{"rendered":"\u041d\u0435\u043e\u0431\u0445\u043e\u0434\u0438\u043c\u044b\u0435 \u0434\u043e\u043a\u0443\u043c\u0435\u043d\u0442\u044b"},"content":{"rendered":"<div class=\"headline\">\u0130lk m\u00f6h\u00fcr\u00fcn\u00fcn sifari\u015fi \u00fc\u00e7\u00fcn:<\/div>\n<p>M\u00fcraci\u0259t ed\u0259nin \u015f\u0259xsiyy\u0259t v\u0259siq\u0259si;<br \/>\nQurumun D\u00f6vl\u0259t reyetsrind\u0259n \u00e7\u0131xar\u0131\u015f\u0131;<br \/>\nQeydiyyat (V\u00d6EN) \u015f\u0259had\u0259tnam\u0259si;<br \/>\nM\u00fcraci\u0259t ed\u0259n qanuni t\u0259msil\u00e7i  (direktor) v\u0259 ya t\u0259sis\u00e7i \u00f6z\u00fc olmad\u0131qda m\u00fcraci\u0259t ed\u0259n \u015f\u0259xs\u0259 m\u00fcvafiq s\u0259lahiyy\u0259tin verilm\u0259sin\u0259 dair notarial qaydada t\u0259sdiq edilmi\u015f etibarnam\u0259.<\/p>\n<div class=\"headline\">\u0130kinci v\u0259 ard\u0131c\u0131l olaraq dig\u0259rl\u0259r m\u00f6h\u00fcrl\u0259rinin sifari\u015fi \u00fc\u00e7\u00fcn:<\/div>\n<p>M\u00fcraci\u0259t ed\u0259nin \u015f\u0259xsiyy\u0259t v\u0259siq\u0259si;<br \/>\nQurumun D\u00f6vl\u0259t reyetsrind\u0259n \u00e7\u0131xar\u0131\u015f\u0131;<br \/>\nQeydiyyat (V\u00d6EN) \u015f\u0259had\u0259tnam\u0259si;<br \/>\nM\u00fcraci\u0259t ed\u0259n qanuni t\u0259msil\u00e7i (direktor) \u00f6z\u00fc olmad\u0131qda m\u00fcraci\u0259t ed\u0259n \u015f\u0259xs\u0259 m\u00fcvafiq s\u0259lahiyy\u0259tin verilm\u0259sin\u0259 dair ilk m\u00f6h\u00fcr il\u0259 t\u0259sdiql\u0259nmi\u015f etibarnam\u0259.<\/p>\n<div class=\"headline\">Dublikat m\u00f6h\u00fcr\u00fcn\u00fcn sifari\u015fi \u00fc\u00e7\u00fcn:<\/div>\n<p>M\u00fcraci\u0259t ed\u0259nin \u015f\u0259xsiyy\u0259t v\u0259siq\u0259si;<br \/>\nQurumun D\u00f6vl\u0259t reyetsrind\u0259n \u00e7\u0131xar\u0131\u015f\u0131;<br \/>\nQeydiyyat (V\u00d6EN) \u015f\u0259had\u0259tnam\u0259si;<br \/>\nQeyd\u0259 uy\u011fun olaraq \u0259lav\u0259l\u0259r;<br \/>\nM\u00fcraci\u0259t ed\u0259n qanuni t\u0259msil\u00e7i (direktor) \u00f6z\u00fc olmad\u0131qda m\u00fcraci\u0259t ed\u0259n \u015f\u0259xs\u0259 m\u00fcvafiq s\u0259lahiyy\u0259tin verilm\u0259sin\u0259 dair ilk m\u00f6h\u00fcr il\u0259 t\u0259sdiql\u0259nmi\u015f etibarnam\u0259\/m\u00f6h\u00fcr itirildikd\u0259 is\u0259 qurumun ad\u0131ndan notarial qaydada t\u0259sdiq edilmi\u015f etibarnam\u0259.<br \/>\nQeyd:<br \/>\nDublikat m\u00f6h\u00fcr m\u00f6h\u00fcr itirildikd\u0259 v\u0259 ya yaras\u0131z hala d\u00fc\u015fd\u00fckd\u0259 sifari\u015f verilir;<br \/>\nM\u00f6h\u00fcr itirildikd\u0259 \u0259lav\u0259 olaraq Az\u0259rb.Res. D\u0130N-nin Tap\u0131nt\u0131lar b\u00fcrosundan m\u00f6h\u00fcr\u00fcn tap\u0131lmamas\u0131na dair aray\u0131\u015f v\u0259 itirilm\u0259si bar\u0259d\u0259 q\u0259zetd\u0259 elan;<br \/>\nM\u00f6h\u00fcr yarars\u0131z hala d\u00fc\u015fd\u00fckd\u0259 \u0259lav\u0259 olaraq yaras\u0131z hala d\u00fc\u015fm\u00fc\u015f m\u00f6h\u00fcr t\u0259qdim edilir.<\/p>\n<div class=\"headline\">\u0130mza-m\u00f6h\u00fcr (faksmil) sifari\u015fi \u00fc\u00e7\u00fcn:<\/div>\n<p>M\u00fcraci\u0259t ed\u0259nin \u015f\u0259xsiyy\u0259t v\u0259siq\u0259si;<br \/>\nQeyd:<br \/>\nimza-m\u00f6h\u00fcr\u00fcn (faksimilin) sifari\u015fi etibarnam\u0259 \u0259sas\u0131nda dig\u0259r \u015f\u0259xs t\u0259r\u0259find\u0259n sifari\u015f veril\u0259 bilm\u0259z.<\/p>\n<div class=\"headline\">F\u0259rdi sahibkar\u0131n (fiziki \u015f\u0259xsin) ilk m\u00f6h\u00fcr\u00fcn\u00fcn sifari\u015fi \u00fc\u00e7\u00fcn:<\/div>\n<p>M\u00fcraci\u0259t ed\u0259nin \u015f\u0259xsiyy\u0259t v\u0259siq\u0259si;<br \/>\nQeydiyyat (V\u00d6EN) \u015f\u0259had\u0259tnam\u0259si;<br \/>\nM\u00fcraci\u0259t ed\u0259n F\u0259rdi sahibkar\u0131n (fiziki \u015f\u0259xsin) \u00f6z\u00fc olmad\u0131qda m\u00fcvafiq s\u0259lahiyy\u0259tin verilm\u0259sin\u0259 dair notarial qaydada t\u0259sdiq edilmi\u015f etibarnam\u0259.<\/p>\n<div class=\"headline\">F\u0259rdi sahibkar\u0131n (fiziki \u015f\u0259xsin)  ikinci v\u0259 ard\u0131c\u0131l olaraq dig\u0259rl\u0259r m\u00f6h\u00fcrl\u0259rinin sifari\u015fi \u00fc\u00e7\u00fcn:<\/div>\n<p>M\u00fcraci\u0259t ed\u0259nin \u015f\u0259xsiyy\u0259t v\u0259siq\u0259si;<br \/>\nQeydiyyat (V\u00d6EN) \u015f\u0259had\u0259tnam\u0259si;<br \/>\nM\u00fcraci\u0259t ed\u0259n F\u0259rdi sahibkar\u0131n (fiziki \u015f\u0259xsin) \u00f6z\u00fc olmad\u0131qda m\u00fcvafiq s\u0259lahiyy\u0259tin verilm\u0259sin\u0259 dair f\u0259rdi sahibkar\u0131n (fiziki \u015f\u0259xsin) ilk m\u00f6h\u00fcr\u00fc il\u0259 t\u0259sdiq edilmi\u015f etibarnam\u0259.<\/p>\n<div class=\"headline\">F\u0259rdi sahibkar\u0131n (fiziki \u015f\u0259xsin) dublikat m\u00f6h\u00fcr\u00fcn\u00fcn sifari\u015fi \u00fc\u00e7\u00fcn:<\/div>\n<p>M\u00fcraci\u0259t ed\u0259nin \u015f\u0259xsiyy\u0259t v\u0259siq\u0259si;<br \/>\nQeydiyyat (V\u00d6EN) \u015f\u0259had\u0259tnam\u0259si;<br \/>\nQeyd\u0259 uy\u011fun olaraq \u0259lav\u0259l\u0259r;<br \/>\nM\u00fcraci\u0259t ed\u0259n f\u0259rdi sahibkar\u0131n (fiziki \u015f\u0259xsin) \u00f6z\u00fc olmad\u0131qda m\u00fcvafiq s\u0259lahiyy\u0259tin verilm\u0259sin\u0259 dair ilk m\u00f6h\u00fcr il\u0259 t\u0259sdiql\u0259nmi\u015f etibarnam\u0259\/m\u00f6h\u00fcr itirildikd\u0259 is\u0259 f\u0259rdi sahibkar\u0131n (fiziki \u015f\u0259xsin) ad\u0131ndan notarial qaydada t\u0259sdiq edilmi\u015f etibarnam\u0259.<br \/>\nQeyd:<br \/>\nDublikat m\u00f6h\u00fcr m\u00f6h\u00fcr itirildikd\u0259 v\u0259 ya yaras\u0131z hala d\u00fc\u015fd\u00fckd\u0259 sifari\u015f verilir;<br \/>\nm\u00f6h\u00fcr itirildikd\u0259 \u0259lav\u0259 olaraq Az\u0259rb.Res. D\u0130N-nin Tap\u0131nt\u0131lar b\u00fcrosundan m\u00f6h\u00fcr\u00fcn tap\u0131lmamas\u0131na dair aray\u0131\u015f;<br \/>\nm\u00f6h\u00fcr yarars\u0131z hala d\u00fc\u015fd\u00fckd\u0259 \u0259lav\u0259 olaraq yaras\u0131z hala d\u00fc\u015fm\u00fc\u015f m\u00f6h\u00fcr t\u0259qdim edilir.<\/p>\n<div class=\"headline\">T\u0259s\u0259rr\u00fcfat f\u0259aliyy\u0259tinin subyektinin l\u0259\u011fvetm\u0259 prosesind\u0259 olmas\u0131na dair m\u00f6h\u00fcr\u00fcn\u00fcn sifari\u015fi \u00fc\u00e7\u00fcn:<\/div>\n<p>M\u00fcraci\u0259t ed\u0259nin \u015f\u0259xsiyy\u0259t v\u0259siq\u0259si;<br \/>\nD\u00f6vl\u0259t reyetsrind\u0259n \u00e7\u0131xar\u0131\u015f\u0131;<br \/>\nQeydiyyat (V\u00d6EN) \u015f\u0259had\u0259tnam\u0259si;<br \/>\nM\u00f6h\u00fcr\u00fcn Az\u0259rbaycan Respublikas\u0131 Vergil\u0259r Nazirliyi t\u0259r\u0259find\u0259n l\u0259\u011fv edilm\u0259sin\u0259 dair Akt v\u0259 \/ v\u0259 ya m\u00fcvafiq t\u0259s\u0259rr\u00fcfat subyektinin l\u0259\u011fv etm\u0259 prosessind\u0259 olmas\u0131n\u0131 t\u0259sdiq ed\u0259n bildiri\u015f;<br \/>\nM\u00fcraci\u0259t ed\u0259n t\u0259sviy\u0259\u00e7i \u00f6z\u00fc olmad\u0131qda m\u00fcvafiq s\u0259lahiyy\u0259tin verilm\u0259sin\u0259 dair notarial qaydada t\u0259sdiq edilmi\u015f etibarnam\u0259.<\/p>\n<div class=\"headline\">T\u0259s\u0259rr\u00fcfat f\u0259aliyy\u0259tinin subyektinin l\u0259\u011fvetm\u0259 prosesind\u0259 olmas\u0131na dair m\u00f6h\u00fcr\u00fcn\u00fcn sifari\u015fi \u00fc\u00e7\u00fcn:<\/div>\n<p>M\u00fcraci\u0259t ed\u0259nin \u015f\u0259xsiyy\u0259t v\u0259siq\u0259si;<br \/>\nDiplom;<br \/>\nQeyd\u0259 uy\u011fun olaraq \u0259lav\u0259l\u0259r;<br \/>\nM\u00fcraci\u0259t ed\u0259n h\u0259kimin \u00f6z\u00fc olmad\u0131qda m\u00fcvafiq s\u0259lahiyy\u0259tin verilm\u0259sin\u0259 dair notarial qaydada t\u0259sdiq edilmi\u015f etibarnam\u0259.<br \/>\nQeyd:<br \/>\nm\u00f6h\u00fcrd\u0259 h\u0259r hans\u0131 bir s\u0259hiyy\u0259 qurumun ad\u0131n\u0131n yaz\u0131lmas\u0131 yaln\u0131z h\u0259min qurumun r\u0259smi m\u0259ktubu \u0259sas\u0131nda m\u00fcmk\u00fcnd\u00fcr;<br \/>\nm\u00f6h\u00fcr h\u0259kimin v\u0259zif\u0259si t\u0259qdim edilmi\u015f i\u015f yerind\u0259n aray\u0131\u015fa \u0259sas\u0259n haz\u0131rlan\u0131r.<\/p>\n<div class=\"headline\">V\u0259kilin (f\u0259rdi qaydada f\u0259aliyy\u0259t g\u00f6st\u0259r\u0259n) ilk m\u00f6h\u00fcr\u00fcn\u00fcn sifari\u015fi \u00fc\u00e7\u00fcn:<\/div>\n<p>M\u00fcraci\u0259t ed\u0259nin \u015f\u0259xsiyy\u0259t v\u0259siq\u0259si;<br \/>\nV\u0259kil v\u0259siq\u0259si;<br \/>\nQeydiyyat (V\u00d6EN) \u015f\u0259had\u0259tnam\u0259si;<br \/>\nV\u0259kill\u0259r Kollegiyas\u0131 t\u0259r\u0259find\u0259n t\u0259sdiq edilmi\u015f layih\u0259;<br \/>\nM\u00fcraci\u0259t ed\u0259n v\u0259kil \u00f6z\u00fc olmad\u0131qda m\u00fcvafiq s\u0259lahiyy\u0259tin verilm\u0259sin\u0259 dair notarial qaydada t\u0259sdiq edilmi\u015f etibarnam\u0259.<\/p>\n<div class=\"headline\">Auditorun(f\u0259rdi qaydada f\u0259aliyy\u0259t g\u00f6st\u0259r\u0259n) ilk m\u00f6h\u00fcr\u00fcn\u00fcn sifari\u015fi \u00fc\u00e7\u00fcn:<\/div>\n<p>M\u00fcraci\u0259t ed\u0259nin \u015f\u0259xsiyy\u0259t v\u0259siq\u0259si;<br \/>\nLisenziya;<br \/>\nQeydiyyat (V\u00d6EN) \u015f\u0259had\u0259tnam\u0259si;<br \/>\nM\u00fcraci\u0259t ed\u0259n auditorun \u00f6z\u00fc olmad\u0131qda m\u00fcvafiq s\u0259lahiyy\u0259tin verilm\u0259sin\u0259 dair notarial qaydada t\u0259sdiq edilmi\u015f etibarnam\u0259.<\/p>\n<div class=\"headline\">Eklibris (kitabxana m\u00f6h\u00fcr\u00fc) m\u00f6h\u00fcr\u00fcn\u00fcn sifari\u015fi \u00fc\u00e7\u00fcn:<\/div>\n<p>M\u00fcraci\u0259t ed\u0259nin \u015f\u0259xsiyy\u0259t v\u0259siq\u0259si;<br \/>\nM\u00fcraci\u0259t ed\u0259n \u00f6z\u00fc olmad\u0131qda m\u00fcvafiq s\u0259lahiyy\u0259tin verilm\u0259sin\u0259 dair m\u00fcraci\u0259t ed\u0259n \u015f\u0259xs\u0259 notarial qaydada t\u0259sdiq edilmi\u015f etibarnam\u0259.<\/p>\n<div class=\"headline\">Az\u0259rbaycan Respublikas\u0131n\u0131n D\u00f6vl\u0259t gerbind\u0259n istifad\u0259y\u0259 dair t\u0259l\u0259bl\u0259r:<\/div>\n<p>M\u00f6h\u00fcr\u00fcn \u00fcz\u0259rind\u0259 Az\u0259rbaycan Respublikas\u0131n\u0131n  D\u00f6vl\u0259t gerbinin h\u0259kk edilm\u0259si \u00fc\u00e7\u00fcn m\u00fcraci\u0259t ed\u0259n qurumun nizamnam\u0259sind\u0259\/ \u0259sasnam\u0259sind\u0259 D\u00f6vl\u0259t gerbind\u0259n istifad\u0259y\u0259 icaz\u0259 qeyd edildikd\u0259 nizamnam\u0259ni\/ \u0259sasnam\u0259ni v\u0259 ya tabe\u00e7iliyind\u0259 olan yuxar\u0131 qurumun D\u00f6vl\u0259t gerbind\u0259n istifad\u0259y\u0259 yaz\u0131l\u0131 icaz\u0259si t\u0259qdim etm\u0259lidir.<\/p>\n","protected":false},"excerpt":{"rendered":"<p>\u0130lk m\u00f6h\u00fcr\u00fcn\u00fcn sifari\u015fi \u00fc\u00e7\u00fcn: M\u00fcraci\u0259t ed\u0259nin \u015f\u0259xsiyy\u0259t v\u0259siq\u0259si; Qurumun D\u00f6vl\u0259t reyetsrind\u0259n \u00e7\u0131xar\u0131\u015f\u0131; Qeydiyyat (V\u00d6EN) \u015f\u0259had\u0259tnam\u0259si; M\u00fcraci\u0259t ed\u0259n qanuni t\u0259msil\u00e7i (direktor) v\u0259 ya t\u0259sis\u00e7i \u00f6z\u00fc olmad\u0131qda m\u00fcraci\u0259t ed\u0259n \u015f\u0259xs\u0259 m\u00fcvafiq s\u0259lahiyy\u0259tin verilm\u0259sin\u0259 dair notarial qaydada t\u0259sdiq edilmi\u015f etibarnam\u0259. \u0130kinci v\u0259 ard\u0131c\u0131l olaraq dig\u0259rl\u0259r m\u00f6h\u00fcrl\u0259rinin sifari\u015fi \u00fc\u00e7\u00fcn: M\u00fcraci\u0259t ed\u0259nin \u015f\u0259xsiyy\u0259t v\u0259siq\u0259si; Qurumun D\u00f6vl\u0259t reyetsrind\u0259n \u00e7\u0131xar\u0131\u015f\u0131; Qeydiyyat (V\u00d6EN) [&hellip;]<\/p>\n","protected":false},"author":1,"featured_media":0,"parent":0,"menu_order":0,"comment_status":"closed","ping_status":"closed","template":"","meta":{"footnotes":""},"class_list":["post-820","page","type-page","status-publish","hentry"],"yoast_head":"<!-- This site is optimized with the Yoast SEO plugin v27.4 - https:\/\/yoast.com\/product\/yoast-seo-wordpress\/ -->\n<title>\u041d\u0435\u043e\u0431\u0445\u043e\u0434\u0438\u043c\u044b\u0435 \u0434\u043e\u043a\u0443\u043c\u0435\u043d\u0442\u044b - M\u00f6h\u00fcrc\u00fc<\/title>\n<meta name=\"robots\" content=\"index, follow, max-snippet:-1, max-image-preview:large, max-video-preview:-1\" \/>\n<link rel=\"canonical\" href=\"https:\/\/mohurcu.az\/ru\/neobxodimie-dokumenti\/\" \/>\n<meta property=\"og:locale\" content=\"ru_RU\" \/>\n<meta property=\"og:type\" content=\"article\" \/>\n<meta property=\"og:title\" content=\"\u041d\u0435\u043e\u0431\u0445\u043e\u0434\u0438\u043c\u044b\u0435 \u0434\u043e\u043a\u0443\u043c\u0435\u043d\u0442\u044b - M\u00f6h\u00fcrc\u00fc\" \/>\n<meta property=\"og:description\" content=\"\u0130lk m\u00f6h\u00fcr\u00fcn\u00fcn sifari\u015fi \u00fc\u00e7\u00fcn: M\u00fcraci\u0259t ed\u0259nin \u015f\u0259xsiyy\u0259t v\u0259siq\u0259si; Qurumun D\u00f6vl\u0259t reyetsrind\u0259n \u00e7\u0131xar\u0131\u015f\u0131; Qeydiyyat (V\u00d6EN) \u015f\u0259had\u0259tnam\u0259si; M\u00fcraci\u0259t ed\u0259n qanuni t\u0259msil\u00e7i (direktor) v\u0259 ya t\u0259sis\u00e7i \u00f6z\u00fc olmad\u0131qda m\u00fcraci\u0259t ed\u0259n \u015f\u0259xs\u0259 m\u00fcvafiq s\u0259lahiyy\u0259tin verilm\u0259sin\u0259 dair notarial qaydada t\u0259sdiq edilmi\u015f etibarnam\u0259. \u0130kinci v\u0259 ard\u0131c\u0131l olaraq dig\u0259rl\u0259r m\u00f6h\u00fcrl\u0259rinin sifari\u015fi \u00fc\u00e7\u00fcn: M\u00fcraci\u0259t ed\u0259nin \u015f\u0259xsiyy\u0259t v\u0259siq\u0259si; Qurumun D\u00f6vl\u0259t reyetsrind\u0259n \u00e7\u0131xar\u0131\u015f\u0131; Qeydiyyat (V\u00d6EN) [&hellip;]\" \/>\n<meta property=\"og:url\" content=\"https:\/\/mohurcu.az\/ru\/neobxodimie-dokumenti\/\" \/>\n<meta property=\"og:site_name\" content=\"M\u00f6h\u00fcrc\u00fc\" \/>\n<meta property=\"article:publisher\" content=\"https:\/\/www.facebook.com\/mohurcu.az\" \/>\n<meta property=\"article:modified_time\" content=\"2021-12-26T18:01:46+00:00\" \/>\n<meta name=\"twitter:card\" content=\"summary_large_image\" \/>\n<meta name=\"twitter:label1\" content=\"\u041f\u0440\u0438\u043c\u0435\u0440\u043d\u043e\u0435 \u0432\u0440\u0435\u043c\u044f \u0434\u043b\u044f \u0447\u0442\u0435\u043d\u0438\u044f\" \/>\n\t<meta name=\"twitter:data1\" content=\"6 \u043c\u0438\u043d\u0443\u0442\" \/>\n<script type=\"application\/ld+json\" class=\"yoast-schema-graph\">{\"@context\":\"https:\\\/\\\/schema.org\",\"@graph\":[{\"@type\":\"WebPage\",\"@id\":\"https:\\\/\\\/mohurcu.az\\\/ru\\\/neobxodimie-dokumenti\\\/\",\"url\":\"https:\\\/\\\/mohurcu.az\\\/ru\\\/neobxodimie-dokumenti\\\/\",\"name\":\"\u041d\u0435\u043e\u0431\u0445\u043e\u0434\u0438\u043c\u044b\u0435 \u0434\u043e\u043a\u0443\u043c\u0435\u043d\u0442\u044b - M\u00f6h\u00fcrc\u00fc\",\"isPartOf\":{\"@id\":\"https:\\\/\\\/mohurcu.az\\\/#website\"},\"datePublished\":\"2021-11-01T18:37:07+00:00\",\"dateModified\":\"2021-12-26T18:01:46+00:00\",\"breadcrumb\":{\"@id\":\"https:\\\/\\\/mohurcu.az\\\/ru\\\/neobxodimie-dokumenti\\\/#breadcrumb\"},\"inLanguage\":\"ru-RU\",\"potentialAction\":[{\"@type\":\"ReadAction\",\"target\":[\"https:\\\/\\\/mohurcu.az\\\/ru\\\/neobxodimie-dokumenti\\\/\"]}]},{\"@type\":\"BreadcrumbList\",\"@id\":\"https:\\\/\\\/mohurcu.az\\\/ru\\\/neobxodimie-dokumenti\\\/#breadcrumb\",\"itemListElement\":[{\"@type\":\"ListItem\",\"position\":1,\"name\":\"Home\",\"item\":\"https:\\\/\\\/mohurcu.az\\\/ru\\\/\"},{\"@type\":\"ListItem\",\"position\":2,\"name\":\"\u041d\u0435\u043e\u0431\u0445\u043e\u0434\u0438\u043c\u044b\u0435 \u0434\u043e\u043a\u0443\u043c\u0435\u043d\u0442\u044b\"}]},{\"@type\":\"WebSite\",\"@id\":\"https:\\\/\\\/mohurcu.az\\\/#website\",\"url\":\"https:\\\/\\\/mohurcu.az\\\/\",\"name\":\"M\u00f6h\u00fcrc\u00fc\",\"description\":\"\u015firk\u0259ti 2015-ci ild\u0259n fiziki v\u0259 h\u00fcquqi \u015f\u0259xsl\u0259r\u0259, d\u00f6vl\u0259t m\u00fc\u0259ssis\u0259l\u0259rin\u0259 y\u00fcks\u0259k s\u0259viyy\u0259d\u0259 keyfiyy\u0259tli v\u0259 s\u00fcr\u0259tli xidm\u0259t g\u00f6st\u0259r\u0259k \u00f6z sah\u0259sind\u0259 inamla ir\u0259lil\u0259yir\",\"publisher\":{\"@id\":\"https:\\\/\\\/mohurcu.az\\\/#organization\"},\"potentialAction\":[{\"@type\":\"SearchAction\",\"target\":{\"@type\":\"EntryPoint\",\"urlTemplate\":\"https:\\\/\\\/mohurcu.az\\\/?s={search_term_string}\"},\"query-input\":{\"@type\":\"PropertyValueSpecification\",\"valueRequired\":true,\"valueName\":\"search_term_string\"}}],\"inLanguage\":\"ru-RU\"},{\"@type\":\"Organization\",\"@id\":\"https:\\\/\\\/mohurcu.az\\\/#organization\",\"name\":\"M\u00f6h\u00fcrc\u00fc\",\"url\":\"https:\\\/\\\/mohurcu.az\\\/\",\"logo\":{\"@type\":\"ImageObject\",\"inLanguage\":\"ru-RU\",\"@id\":\"https:\\\/\\\/mohurcu.az\\\/#\\\/schema\\\/logo\\\/image\\\/\",\"url\":\"https:\\\/\\\/mohurcu.az\\\/wp-content\\\/uploads\\\/2021\\\/10\\\/logo.svg\",\"contentUrl\":\"https:\\\/\\\/mohurcu.az\\\/wp-content\\\/uploads\\\/2021\\\/10\\\/logo.svg\",\"caption\":\"M\u00f6h\u00fcrc\u00fc\"},\"image\":{\"@id\":\"https:\\\/\\\/mohurcu.az\\\/#\\\/schema\\\/logo\\\/image\\\/\"},\"sameAs\":[\"https:\\\/\\\/www.facebook.com\\\/mohurcu.az\",\"https:\\\/\\\/www.instagram.com\\\/mohurcu.az\\\/\",\"https:\\\/\\\/www.linkedin.com\\\/company\\\/mhrc\\\/\"]}]}<\/script>\n<!-- \/ Yoast SEO plugin. -->","yoast_head_json":{"title":"\u041d\u0435\u043e\u0431\u0445\u043e\u0434\u0438\u043c\u044b\u0435 \u0434\u043e\u043a\u0443\u043c\u0435\u043d\u0442\u044b - M\u00f6h\u00fcrc\u00fc","robots":{"index":"index","follow":"follow","max-snippet":"max-snippet:-1","max-image-preview":"max-image-preview:large","max-video-preview":"max-video-preview:-1"},"canonical":"https:\/\/mohurcu.az\/ru\/neobxodimie-dokumenti\/","og_locale":"ru_RU","og_type":"article","og_title":"\u041d\u0435\u043e\u0431\u0445\u043e\u0434\u0438\u043c\u044b\u0435 \u0434\u043e\u043a\u0443\u043c\u0435\u043d\u0442\u044b - M\u00f6h\u00fcrc\u00fc","og_description":"\u0130lk m\u00f6h\u00fcr\u00fcn\u00fcn sifari\u015fi \u00fc\u00e7\u00fcn: M\u00fcraci\u0259t ed\u0259nin \u015f\u0259xsiyy\u0259t v\u0259siq\u0259si; Qurumun D\u00f6vl\u0259t reyetsrind\u0259n \u00e7\u0131xar\u0131\u015f\u0131; Qeydiyyat (V\u00d6EN) \u015f\u0259had\u0259tnam\u0259si; M\u00fcraci\u0259t ed\u0259n qanuni t\u0259msil\u00e7i (direktor) v\u0259 ya t\u0259sis\u00e7i \u00f6z\u00fc olmad\u0131qda m\u00fcraci\u0259t ed\u0259n \u015f\u0259xs\u0259 m\u00fcvafiq s\u0259lahiyy\u0259tin verilm\u0259sin\u0259 dair notarial qaydada t\u0259sdiq edilmi\u015f etibarnam\u0259. \u0130kinci v\u0259 ard\u0131c\u0131l olaraq dig\u0259rl\u0259r m\u00f6h\u00fcrl\u0259rinin sifari\u015fi \u00fc\u00e7\u00fcn: M\u00fcraci\u0259t ed\u0259nin \u015f\u0259xsiyy\u0259t v\u0259siq\u0259si; Qurumun D\u00f6vl\u0259t reyetsrind\u0259n \u00e7\u0131xar\u0131\u015f\u0131; Qeydiyyat (V\u00d6EN) [&hellip;]","og_url":"https:\/\/mohurcu.az\/ru\/neobxodimie-dokumenti\/","og_site_name":"M\u00f6h\u00fcrc\u00fc","article_publisher":"https:\/\/www.facebook.com\/mohurcu.az","article_modified_time":"2021-12-26T18:01:46+00:00","twitter_card":"summary_large_image","twitter_misc":{"\u041f\u0440\u0438\u043c\u0435\u0440\u043d\u043e\u0435 \u0432\u0440\u0435\u043c\u044f \u0434\u043b\u044f \u0447\u0442\u0435\u043d\u0438\u044f":"6 \u043c\u0438\u043d\u0443\u0442"},"schema":{"@context":"https:\/\/schema.org","@graph":[{"@type":"WebPage","@id":"https:\/\/mohurcu.az\/ru\/neobxodimie-dokumenti\/","url":"https:\/\/mohurcu.az\/ru\/neobxodimie-dokumenti\/","name":"\u041d\u0435\u043e\u0431\u0445\u043e\u0434\u0438\u043c\u044b\u0435 \u0434\u043e\u043a\u0443\u043c\u0435\u043d\u0442\u044b - M\u00f6h\u00fcrc\u00fc","isPartOf":{"@id":"https:\/\/mohurcu.az\/#website"},"datePublished":"2021-11-01T18:37:07+00:00","dateModified":"2021-12-26T18:01:46+00:00","breadcrumb":{"@id":"https:\/\/mohurcu.az\/ru\/neobxodimie-dokumenti\/#breadcrumb"},"inLanguage":"ru-RU","potentialAction":[{"@type":"ReadAction","target":["https:\/\/mohurcu.az\/ru\/neobxodimie-dokumenti\/"]}]},{"@type":"BreadcrumbList","@id":"https:\/\/mohurcu.az\/ru\/neobxodimie-dokumenti\/#breadcrumb","itemListElement":[{"@type":"ListItem","position":1,"name":"Home","item":"https:\/\/mohurcu.az\/ru\/"},{"@type":"ListItem","position":2,"name":"\u041d\u0435\u043e\u0431\u0445\u043e\u0434\u0438\u043c\u044b\u0435 \u0434\u043e\u043a\u0443\u043c\u0435\u043d\u0442\u044b"}]},{"@type":"WebSite","@id":"https:\/\/mohurcu.az\/#website","url":"https:\/\/mohurcu.az\/","name":"M\u00f6h\u00fcrc\u00fc","description":"\u015firk\u0259ti 2015-ci ild\u0259n fiziki v\u0259 h\u00fcquqi \u015f\u0259xsl\u0259r\u0259, d\u00f6vl\u0259t m\u00fc\u0259ssis\u0259l\u0259rin\u0259 y\u00fcks\u0259k s\u0259viyy\u0259d\u0259 keyfiyy\u0259tli v\u0259 s\u00fcr\u0259tli xidm\u0259t g\u00f6st\u0259r\u0259k \u00f6z sah\u0259sind\u0259 inamla ir\u0259lil\u0259yir","publisher":{"@id":"https:\/\/mohurcu.az\/#organization"},"potentialAction":[{"@type":"SearchAction","target":{"@type":"EntryPoint","urlTemplate":"https:\/\/mohurcu.az\/?s={search_term_string}"},"query-input":{"@type":"PropertyValueSpecification","valueRequired":true,"valueName":"search_term_string"}}],"inLanguage":"ru-RU"},{"@type":"Organization","@id":"https:\/\/mohurcu.az\/#organization","name":"M\u00f6h\u00fcrc\u00fc","url":"https:\/\/mohurcu.az\/","logo":{"@type":"ImageObject","inLanguage":"ru-RU","@id":"https:\/\/mohurcu.az\/#\/schema\/logo\/image\/","url":"https:\/\/mohurcu.az\/wp-content\/uploads\/2021\/10\/logo.svg","contentUrl":"https:\/\/mohurcu.az\/wp-content\/uploads\/2021\/10\/logo.svg","caption":"M\u00f6h\u00fcrc\u00fc"},"image":{"@id":"https:\/\/mohurcu.az\/#\/schema\/logo\/image\/"},"sameAs":["https:\/\/www.facebook.com\/mohurcu.az","https:\/\/www.instagram.com\/mohurcu.az\/","https:\/\/www.linkedin.com\/company\/mhrc\/"]}]}},"_hostinger_reach_plugin_has_subscription_block":false,"_hostinger_reach_plugin_is_elementor":false,"_links":{"self":[{"href":"https:\/\/mohurcu.az\/ru\/wp-json\/wp\/v2\/pages\/820","targetHints":{"allow":["GET"]}}],"collection":[{"href":"https:\/\/mohurcu.az\/ru\/wp-json\/wp\/v2\/pages"}],"about":[{"href":"https:\/\/mohurcu.az\/ru\/wp-json\/wp\/v2\/types\/page"}],"author":[{"embeddable":true,"href":"https:\/\/mohurcu.az\/ru\/wp-json\/wp\/v2\/users\/1"}],"replies":[{"embeddable":true,"href":"https:\/\/mohurcu.az\/ru\/wp-json\/wp\/v2\/comments?post=820"}],"version-history":[{"count":1,"href":"https:\/\/mohurcu.az\/ru\/wp-json\/wp\/v2\/pages\/820\/revisions"}],"predecessor-version":[{"id":822,"href":"https:\/\/mohurcu.az\/ru\/wp-json\/wp\/v2\/pages\/820\/revisions\/822"}],"wp:attachment":[{"href":"https:\/\/mohurcu.az\/ru\/wp-json\/wp\/v2\/media?parent=820"}],"curies":[{"name":"wp","href":"https:\/\/api.w.org\/{rel}","templated":true}]}}