{"id":812,"date":"2021-11-01T22:36:43","date_gmt":"2021-11-01T18:36:43","guid":{"rendered":"https:\/\/mohurcu.az\/m%c9%99xfilik-siyas%c9%99ti\/"},"modified":"2021-12-26T21:59:09","modified_gmt":"2021-12-26T17:59:09","slug":"politika-konfidencialnosti","status":"publish","type":"page","link":"https:\/\/mohurcu.az\/ru\/politika-konfidencialnosti\/","title":{"rendered":"\u041f\u043e\u043b\u0438\u0442\u0438\u043a\u0430 \u043a\u043e\u043d\u0444\u0438\u0434\u0435\u043d\u0446\u0438\u0430\u043b\u044c\u043d\u043e\u0441\u0442\u0438"},"content":{"rendered":"<p><u>Bu s\u0259n\u0259dd\u0259 (bundan sonra \u201cS\u0259n\u0259d\u201d) qeyd olunan \u015f\u0259rtl\u0259r, www.mohurcu.az sayt\u0131 il\u0259 (bundan sonra \u201cBiz\u201d, \u201cM\u00f6h\u00fcrc\u00fc MMC\u201d v\u0259 ya \u201cVeb-sayt\u201d) Veb-sayt\u0131n istifad\u0259\u00e7isi (bundan sonra \u201c\u0130stifad\u0259\u00e7i\u201d) aras\u0131nda m\u00fcbadil\u0259 olunan qar\u015f\u0131l\u0131ql\u0131 m\u0259lumatlar\u0131n konfidensiall\u0131\u011f\u0131n\u0131n t\u0259min edilm\u0259si m\u0259qs\u0259dini da\u015f\u0131y\u0131r.<\/u><\/p>\n<p><u>Bu S\u0259n\u0259dd\u0259 \u201cM\u00f6h\u00fcrc\u00fc\u201d dedikd\u0259, \u201cM\u00f6h\u00fcrc\u00fc\u201d \u0259mt\u0259\u0259 ni\u015fan\u0131n\u0131n sahibi \u2013 \u201cM\u00f6h\u00fcrc\u00fc\u201d M\u0259hdud M\u0259suliyy\u0259tli C\u0259miyy\u0259ti n\u0259z\u0259rd\u0259 tutulur.<\/u><\/p>\n<p><u>Bu S\u0259n\u0259dd\u0259 \u201c\u0130stifad\u0259\u00e7i\u201d dedikd\u0259, Veb-sayta h\u0259m \u00fczv (m\u00fcvafiq qaydada qeydiyyatdan ke\u00e7mi\u015f \u015f\u0259xsl\u0259r) qismind\u0259, h\u0259m d\u0259 \u00fczv olmadan (qeydiyyatdan ke\u00e7m\u0259d\u0259n) ziyar\u0259t\u00e7i kimi daxil olan \u015f\u0259xsl\u0259r n\u0259z\u0259rd\u0259 tutulurlar.<\/u><\/p>\n<p><u>Biz, sizin Veb-sayta daxil olaraq ondan istifad\u0259 etdiyiniz zaman bar\u0259nizd\u0259 Veb-sayta daxil edilmi\u015f m\u0259lumatlar\u0131 nec\u0259 toplad\u0131\u011f\u0131m\u0131z\u0131, hans\u0131 qaydada istifad\u0259 v\u0259 m\u00fchafiz\u0259 etdiyimizi siz\u0259 ayd\u0131n \u015f\u0259kild\u0259 izah ed\u0259 bilm\u0259yimiz \u00fc\u00e7\u00fcn bu S\u0259n\u0259di t\u0259rtib v\u0259 t\u0259sdiq etmi\u015fik. Bu S\u0259n\u0259din haz\u0131rlanmas\u0131n<\/u>da \u0259sas m\u0259qs\u0259d, \u0130stifad\u0259\u00e7il\u0259rin Veb-saytdan g\u00fcv\u0259nli \u015f\u0259kild\u0259 istifad\u0259 etm\u0259l\u0259rini t\u0259min etm\u0259k, h\u0259m\u00e7inin Veb-saytda h\u0259yata ke\u00e7irdikl\u0259ri h\u0259r bir h\u0259r\u0259k\u0259t zaman\u0131 daxil etdikl\u0259ri f\u0259rdi m\u0259lumatlar\u0131n konfidensiall\u0131\u011f\u0131na t\u0259minat verildiyin\u0259 onlar\u0131 \u0259min etm\u0259kd\u0259n ibar\u0259tdir. Odur ki, Veb-saytdan istifad\u0259 etm\u0259zd\u0259n \u0259vv\u0259l sayt\u0131m\u0131z\u0131n \u201cKonfidensiall\u0131q Siyas\u0259ti\u201d il\u0259 tan\u0131\u015f olma\u011f\u0131n\u0131z\u0131 t\u00f6vsiy\u0259 edirik.<\/p>\n<p>www.mohurcu.az veb-sayt\u0131n\u0131n \u201cKonfidensiall\u0131q Siyas\u0259ti\u201d ba\u015fda \u00f6lk\u0259nin ali qanunu olan Az\u0259rbaycan Respublikas\u0131n\u0131n Konstitusiyas\u0131na, habel\u0259 Az\u0259rbaycan Respubikas\u0131n\u0131n t\u0259r\u0259fdar \u00e7\u0131xd\u0131\u011f\u0131 beyn\u0259lxalq qanunvericilik aktlar\u0131na, \u201cF\u0259rdi m\u0259lumatlar haqq\u0131nda\u201d Qanuna, \u201c\u0130nformasiya \u0259ld\u0259 etm\u0259k haqq\u0131nda\u201d Qanuna v\u0259 Az\u0259rbaycan Respublikas\u0131n\u0131n qanunvericilik sistemin\u0259 daxil olan dig\u0259r normativ h\u00fcquqi aktlar\u0131n t\u0259l\u0259bl\u0259rin\u0259 uy\u011fun olaraq haz\u0131rlanm\u0131\u015fd\u0131r.<\/p>\n<p>www.mohurcu.az veb-sayt\u0131nda \u0130stifad\u0259\u00e7i il\u0259 Veb-sayt aras\u0131nda f\u0259rdi m\u0259lumat m\u00fcbadil\u0259si Az\u0259rbaycan Respublikas\u0131n\u0131n Konstitusiyas\u0131nda t\u0259sbit edilmi\u015f \u0259sas insan v\u0259 v\u0259t\u0259nda\u015f h\u00fcquq v\u0259 azadl\u0131qlar\u0131na riay\u0259t edilm\u0259kl\u0259, qanun\u00e7uluq, konfidensiall\u0131q, k\u00f6n\u00fcll\u00fcl\u00fcy\u00fcn m\u0259cburilikl\u0259 uzla\u015fd\u0131r\u0131lmas\u0131 prinsipl\u0259rin\u0259 uy\u011fun h\u0259yata ke\u00e7irilir.<\/p>\n<p>\u0130stifad\u0259\u00e7iy\u0259 aid f\u0259rdi m\u0259lumatlar onun \u00f6z\u00fc t\u0259r\u0259find\u0259n k\u00f6n\u00fcll\u00fck prinsipin\u0259 riay\u0259t etm\u0259kl\u0259 t\u0259qdim edildiyi andan m\u00fchafiz\u0259 olunur.<\/p>\n<p>\u0130stifad\u0259\u00e7inin n\u0259z\u0259rin\u0259 \u00e7atd\u0131r\u0131r\u0131q ki, onun t\u0259r\u0259find\u0259n\u00a0 t\u0259qdim edilmi\u015f m\u0259lumatlar (ad\u0131, soyad\u0131, atas\u0131n\u0131n ad\u0131, do\u011fuldu\u011fu tarix v\u0259 yer, cinsi, v\u0259t\u0259nda\u015fl\u0131\u011f\u0131, telefon n\u00f6mr\u0259si v\u0259 elektron \u00fcnvan\u0131, ya\u015fad\u0131\u011f\u0131 v\u0259 oldu\u011fu yer, ixtisas\u0131 v\u0259 i\u015f yeri, m\u0259\u015f\u011ful oldu\u011fu f\u0259aliyy\u0259t n\u00f6v\u00fc, ail\u0259 v\u0259ziyy\u0259ti, \u015f\u0259kli v\u0259 dig\u0259r m\u0259lumatlar)\u00a0 \u201cF\u0259rdi m\u0259lumatlar haqq\u0131nda\u201d Qanunun 5.2-ci madd\u0259sin\u0259 uy\u011fun olaraq t\u0259r\u0259fimizd\u0259n qorunur v\u0259 \u0130stifad\u0259\u00e7inin \u00f6z\u00fcn\u00fcn yaz\u0131l\u0131 raz\u0131l\u0131\u011f\u0131 olmadan v\u0259 ya qanunla m\u00fc\u0259yy\u0259n edilmi\u015f hallar (\u201cF\u0259rdi m\u0259lumatlar haqq\u0131nda\u201d Qanunun 13-c\u00fc madd\u0259sind\u0259 g\u00f6st\u0259ril\u0259n hallar) istisna olmaqla, he\u00e7 bir halda \u00fc\u00e7\u00fcnc\u00fc \u015f\u0259xsl\u0259r\u0259, idar\u0259 v\u0259 t\u0259\u015fkilatlara \u00f6t\u00fcr\u00fclm\u00fcr.<\/p>\n<p>Ba\u015f vermi\u015f inzibati x\u0259talar\u0131, cinay\u0259t \u0259m\u0259ll\u0259rini t\u00f6r\u0259tmi\u015f \u015f\u0259xsl\u0259ri if\u015fa etm\u0259k, bel\u0259 h\u00fcquqazidd \u0259m\u0259ll\u0259rin n\u0259tic\u0259l\u0259rini aradan qald\u0131ra bilm\u0259k m\u0259qs\u0259dil\u0259, habel\u0259 g\u0259l\u0259c\u0259kd\u0259 ba\u015f ver\u0259 bil\u0259c\u0259k inzibati x\u0259talar\u0131n, cinay\u0259t \u0259m\u0259ll\u0259rinin qar\u015f\u0131s\u0131n\u0131 almaq, c\u0259miyy\u0259ti bel\u0259 q\u0259sdl\u0259rd\u0259n qorumaq m\u0259qs\u0259dil\u0259 Veb-sayta daxil edilmi\u015f m\u0259lumatlar h\u00fcquq-m\u00fchafiz\u0259 v\u0259 m\u0259hk\u0259m\u0259 orqanlar\u0131n\u0131n t\u0259xir\u0259sal\u0131nmaz t\u0259dbirl\u0259ri zaman\u0131 v\u0259 ya r\u0259smi sor\u011fular\u0131 n\u0259tic\u0259sind\u0259, Az\u0259rbaycan Respublikas\u0131n\u0131n qanunvericiliyinin t\u0259l\u0259bl\u0259rin\u0259 \u0259m\u0259l edilm\u0259kl\u0259, \u0130stifad\u0259\u00e7inin raz\u0131l\u0131\u011f\u0131 al\u0131nmadan, bel\u0259 orqanlara t\u0259qdim edil\u0259 bil\u0259r.<\/p>\n<p>N\u0259z\u0259riniz\u0259 \u00e7atd\u0131r\u0131r\u0131q ki, Veb-sayt\u0131m\u0131zda m\u00fcxt\u0259lif dig\u0259r veb-saytlara, internet platformalara ke\u00e7idl\u0259r yerl\u0259\u015fdiril\u0259 bil\u0259r. Bel\u0259 ke\u00e7idl\u0259r\u0259 daxil olmaqla, orada apard\u0131\u011f\u0131n\u0131z yaz\u0131\u015fmalar\u0131n, t\u0259qdim etdiyiniz m\u0259lumatlar\u0131n konfidensiall\u0131\u011f\u0131n\u0131n t\u0259min edilm\u0259m\u0259si ehtimal\u0131 h\u0259r zaman m\u00f6vcuddur. H\u0259min veb-saytlarda, internet platformalarda t\u0259qdim etdiyiniz m\u0259lumatlar\u0131n\u0131z\u0131n, h\u0259r\u0259k\u0259tl\u0259rinizin konfidensiall\u0131\u011f\u0131na \u201c<u>M\u00f6h\u00fcrc\u00fc<\/u>\u201d z\u0259man\u0259t vermir v\u0259 cavabdehlik da\u015f\u0131m\u0131r.<\/p>\n<p>\u0130st\u0259nil\u0259n halda siz f\u0259rdi m\u0259lumatlar\u0131n\u0131z\u0131 saytda qeyd etm\u0259m\u0259k h\u00fcququnu \u00f6z\u00fcn\u00fczd\u0259 saxlay\u0131rs\u0131n\u0131z. Ancaq n\u0259z\u0259r\u0259 al\u0131n ki, Veb-sayt vasit\u0259si il\u0259 m\u00fc\u0259yy\u0259n h\u0259r\u0259k\u0259tl\u0259ri ed\u0259 bilm\u0259yiniz \u00fc\u00e7\u00fcn qeydiyyatdan ke\u00e7m\u0259yiniz v\u0259 qeydiyyatdan ke\u00e7\u0259rk\u0259n \u00f6z\u00fcn\u00fcz\u0259 aid m\u00fcxt\u0259lif m\u0259lumatlar\u0131n\u0131z\u0131 daxil etm\u0259yiniz z\u0259ruridir. \u018fks halda Veb-saytda n\u0259z\u0259rd\u0259 tutulmu\u015f imkanlardan istifad\u0259 etm\u0259yiniz qeyri-m\u00fcmk\u00fcn olacaqd\u0131r.<\/p>\n<p>Yuxar\u0131da qeyd olunanlarla yana\u015f\u0131, h\u0259m\u00e7inin onu da n\u0259z\u0259riniz\u0259 \u00e7atd\u0131r\u0131r\u0131q ki, \u201c<u>M\u00f6h\u00fcrc\u00fc<\/u>\u201d g\u0259l\u0259c\u0259kd\u0259 ist\u0259nil\u0259n zaman bu \u201cKonfidensiall\u0131q Siyas\u0259ti\u201dn\u0259 birt\u0259r\u0259fli qaydada d\u0259yi\u015fiklik etm\u0259k h\u00fcququnu \u00f6z\u00fcnd\u0259 saxlay\u0131r. Bel\u0259 d\u0259yi\u015fiklikl\u0259rin edilm\u0259si m\u00fcxt\u0259lif z\u0259rur\u0259tl\u0259rd\u0259n \u0259m\u0259l\u0259 g\u0259l\u0259 bil\u0259r (m\u0259s\u0259l\u0259n: qanunvericiliy\u0259 edilmi\u015f m\u00fcxt\u0259lif d\u0259yi\u015fiklikl\u0259rl\u0259 ba\u011fl\u0131, istifad\u0259\u00e7il\u0259rin Veb-saytdan istifad\u0259l\u0259rinin daha da asanla\u015fd\u0131r\u0131lmas\u0131, m\u00fcxt\u0259lif kompaniyalar\u0131n h\u0259yata ke\u00e7irilm\u0259si v\u0259 s.). Lakin h\u0259r bir halda, \u0130stifad\u0259\u00e7iy\u0259 m\u0259xsus f\u0259rdi m\u0259lumatlar\u0131n konfidensiall\u0131\u011f\u0131n\u0131n t\u0259min edilm\u0259si prinsipinin aliliyi Bizim t\u0259r\u0259fimizd\u0259n h\u0259r zaman r\u0259hb\u0259r tutulacaqd\u0131r.<\/p>\n<p>Bu s\u0259n\u0259dl\u0259 ba\u011fl\u0131 h\u0259r hans\u0131 irad\u0131n\u0131z, t\u0259klif v\u0259 ya \u015fikay\u0259tiniz olarsa, a\u015fa\u011f\u0131dak\u0131 vasit\u0259l\u0259rl\u0259 Biziml\u0259 \u0259laq\u0259 saxlama\u011f\u0131n\u0131z\u0131 xahi\u015f edirik.<\/p>\n<p>&nbsp;<\/p>\n<p>E-mail:\u00a0 <a href=\"mailto:info@mohurcu.az\">info@mohurcu.az<\/a>;<\/p>\n<p>Telefon: <a href=\"tel:+994502402560\">+994 50 240 25 60<\/a><\/p>\n<p>\u00dcnvan: M\u00fcz\u0259ff\u0259r N\u0259rimanov k\u00fc\u00e7. 4B, Bak\u0131, Az\u0259rbaycan<\/p>\n","protected":false},"excerpt":{"rendered":"<p>Bu s\u0259n\u0259dd\u0259 (bundan sonra \u201cS\u0259n\u0259d\u201d) qeyd olunan \u015f\u0259rtl\u0259r, www.mohurcu.az sayt\u0131 il\u0259 (bundan sonra \u201cBiz\u201d, \u201cM\u00f6h\u00fcrc\u00fc MMC\u201d v\u0259 ya \u201cVeb-sayt\u201d) Veb-sayt\u0131n istifad\u0259\u00e7isi (bundan sonra \u201c\u0130stifad\u0259\u00e7i\u201d) aras\u0131nda m\u00fcbadil\u0259 olunan qar\u015f\u0131l\u0131ql\u0131 m\u0259lumatlar\u0131n konfidensiall\u0131\u011f\u0131n\u0131n t\u0259min edilm\u0259si m\u0259qs\u0259dini da\u015f\u0131y\u0131r. Bu S\u0259n\u0259dd\u0259 \u201cM\u00f6h\u00fcrc\u00fc\u201d dedikd\u0259, \u201cM\u00f6h\u00fcrc\u00fc\u201d \u0259mt\u0259\u0259 ni\u015fan\u0131n\u0131n sahibi \u2013 \u201cM\u00f6h\u00fcrc\u00fc\u201d M\u0259hdud M\u0259suliyy\u0259tli C\u0259miyy\u0259ti n\u0259z\u0259rd\u0259 tutulur. Bu S\u0259n\u0259dd\u0259 \u201c\u0130stifad\u0259\u00e7i\u201d dedikd\u0259, Veb-sayta h\u0259m [&hellip;]<\/p>\n","protected":false},"author":1,"featured_media":0,"parent":0,"menu_order":0,"comment_status":"closed","ping_status":"closed","template":"","meta":{"footnotes":""},"class_list":["post-812","page","type-page","status-publish","hentry"],"yoast_head":"<!-- This site is optimized with the Yoast SEO plugin v27.4 - https:\/\/yoast.com\/product\/yoast-seo-wordpress\/ -->\n<title>\u041f\u043e\u043b\u0438\u0442\u0438\u043a\u0430 \u043a\u043e\u043d\u0444\u0438\u0434\u0435\u043d\u0446\u0438\u0430\u043b\u044c\u043d\u043e\u0441\u0442\u0438 - M\u00f6h\u00fcrc\u00fc<\/title>\n<meta name=\"robots\" content=\"index, follow, max-snippet:-1, max-image-preview:large, max-video-preview:-1\" \/>\n<link rel=\"canonical\" href=\"https:\/\/mohurcu.az\/ru\/politika-konfidencialnosti\/\" \/>\n<meta property=\"og:locale\" content=\"ru_RU\" \/>\n<meta property=\"og:type\" content=\"article\" \/>\n<meta property=\"og:title\" content=\"\u041f\u043e\u043b\u0438\u0442\u0438\u043a\u0430 \u043a\u043e\u043d\u0444\u0438\u0434\u0435\u043d\u0446\u0438\u0430\u043b\u044c\u043d\u043e\u0441\u0442\u0438 - M\u00f6h\u00fcrc\u00fc\" \/>\n<meta property=\"og:description\" content=\"Bu s\u0259n\u0259dd\u0259 (bundan sonra \u201cS\u0259n\u0259d\u201d) qeyd olunan \u015f\u0259rtl\u0259r, www.mohurcu.az sayt\u0131 il\u0259 (bundan sonra \u201cBiz\u201d, \u201cM\u00f6h\u00fcrc\u00fc MMC\u201d v\u0259 ya \u201cVeb-sayt\u201d) Veb-sayt\u0131n istifad\u0259\u00e7isi (bundan sonra \u201c\u0130stifad\u0259\u00e7i\u201d) aras\u0131nda m\u00fcbadil\u0259 olunan qar\u015f\u0131l\u0131ql\u0131 m\u0259lumatlar\u0131n konfidensiall\u0131\u011f\u0131n\u0131n t\u0259min edilm\u0259si m\u0259qs\u0259dini da\u015f\u0131y\u0131r. Bu S\u0259n\u0259dd\u0259 \u201cM\u00f6h\u00fcrc\u00fc\u201d dedikd\u0259, \u201cM\u00f6h\u00fcrc\u00fc\u201d \u0259mt\u0259\u0259 ni\u015fan\u0131n\u0131n sahibi \u2013 \u201cM\u00f6h\u00fcrc\u00fc\u201d M\u0259hdud M\u0259suliyy\u0259tli C\u0259miyy\u0259ti n\u0259z\u0259rd\u0259 tutulur. Bu S\u0259n\u0259dd\u0259 \u201c\u0130stifad\u0259\u00e7i\u201d dedikd\u0259, Veb-sayta h\u0259m [&hellip;]\" \/>\n<meta property=\"og:url\" content=\"https:\/\/mohurcu.az\/ru\/politika-konfidencialnosti\/\" \/>\n<meta property=\"og:site_name\" content=\"M\u00f6h\u00fcrc\u00fc\" \/>\n<meta property=\"article:publisher\" content=\"https:\/\/www.facebook.com\/mohurcu.az\" \/>\n<meta property=\"article:modified_time\" content=\"2021-12-26T17:59:09+00:00\" \/>\n<meta name=\"twitter:card\" content=\"summary_large_image\" \/>\n<meta name=\"twitter:label1\" content=\"\u041f\u0440\u0438\u043c\u0435\u0440\u043d\u043e\u0435 \u0432\u0440\u0435\u043c\u044f \u0434\u043b\u044f \u0447\u0442\u0435\u043d\u0438\u044f\" \/>\n\t<meta name=\"twitter:data1\" content=\"5 \u043c\u0438\u043d\u0443\u0442\" \/>\n<script type=\"application\/ld+json\" class=\"yoast-schema-graph\">{\"@context\":\"https:\\\/\\\/schema.org\",\"@graph\":[{\"@type\":\"WebPage\",\"@id\":\"https:\\\/\\\/mohurcu.az\\\/ru\\\/politika-konfidencialnosti\\\/\",\"url\":\"https:\\\/\\\/mohurcu.az\\\/ru\\\/politika-konfidencialnosti\\\/\",\"name\":\"\u041f\u043e\u043b\u0438\u0442\u0438\u043a\u0430 \u043a\u043e\u043d\u0444\u0438\u0434\u0435\u043d\u0446\u0438\u0430\u043b\u044c\u043d\u043e\u0441\u0442\u0438 - M\u00f6h\u00fcrc\u00fc\",\"isPartOf\":{\"@id\":\"https:\\\/\\\/mohurcu.az\\\/#website\"},\"datePublished\":\"2021-11-01T18:36:43+00:00\",\"dateModified\":\"2021-12-26T17:59:09+00:00\",\"breadcrumb\":{\"@id\":\"https:\\\/\\\/mohurcu.az\\\/ru\\\/politika-konfidencialnosti\\\/#breadcrumb\"},\"inLanguage\":\"ru-RU\",\"potentialAction\":[{\"@type\":\"ReadAction\",\"target\":[\"https:\\\/\\\/mohurcu.az\\\/ru\\\/politika-konfidencialnosti\\\/\"]}]},{\"@type\":\"BreadcrumbList\",\"@id\":\"https:\\\/\\\/mohurcu.az\\\/ru\\\/politika-konfidencialnosti\\\/#breadcrumb\",\"itemListElement\":[{\"@type\":\"ListItem\",\"position\":1,\"name\":\"Home\",\"item\":\"https:\\\/\\\/mohurcu.az\\\/ru\\\/\"},{\"@type\":\"ListItem\",\"position\":2,\"name\":\"\u041f\u043e\u043b\u0438\u0442\u0438\u043a\u0430 \u043a\u043e\u043d\u0444\u0438\u0434\u0435\u043d\u0446\u0438\u0430\u043b\u044c\u043d\u043e\u0441\u0442\u0438\"}]},{\"@type\":\"WebSite\",\"@id\":\"https:\\\/\\\/mohurcu.az\\\/#website\",\"url\":\"https:\\\/\\\/mohurcu.az\\\/\",\"name\":\"M\u00f6h\u00fcrc\u00fc\",\"description\":\"\u015firk\u0259ti 2015-ci ild\u0259n fiziki v\u0259 h\u00fcquqi \u015f\u0259xsl\u0259r\u0259, d\u00f6vl\u0259t m\u00fc\u0259ssis\u0259l\u0259rin\u0259 y\u00fcks\u0259k s\u0259viyy\u0259d\u0259 keyfiyy\u0259tli v\u0259 s\u00fcr\u0259tli xidm\u0259t g\u00f6st\u0259r\u0259k \u00f6z sah\u0259sind\u0259 inamla ir\u0259lil\u0259yir\",\"publisher\":{\"@id\":\"https:\\\/\\\/mohurcu.az\\\/#organization\"},\"potentialAction\":[{\"@type\":\"SearchAction\",\"target\":{\"@type\":\"EntryPoint\",\"urlTemplate\":\"https:\\\/\\\/mohurcu.az\\\/?s={search_term_string}\"},\"query-input\":{\"@type\":\"PropertyValueSpecification\",\"valueRequired\":true,\"valueName\":\"search_term_string\"}}],\"inLanguage\":\"ru-RU\"},{\"@type\":\"Organization\",\"@id\":\"https:\\\/\\\/mohurcu.az\\\/#organization\",\"name\":\"M\u00f6h\u00fcrc\u00fc\",\"url\":\"https:\\\/\\\/mohurcu.az\\\/\",\"logo\":{\"@type\":\"ImageObject\",\"inLanguage\":\"ru-RU\",\"@id\":\"https:\\\/\\\/mohurcu.az\\\/#\\\/schema\\\/logo\\\/image\\\/\",\"url\":\"https:\\\/\\\/mohurcu.az\\\/wp-content\\\/uploads\\\/2021\\\/10\\\/logo.svg\",\"contentUrl\":\"https:\\\/\\\/mohurcu.az\\\/wp-content\\\/uploads\\\/2021\\\/10\\\/logo.svg\",\"caption\":\"M\u00f6h\u00fcrc\u00fc\"},\"image\":{\"@id\":\"https:\\\/\\\/mohurcu.az\\\/#\\\/schema\\\/logo\\\/image\\\/\"},\"sameAs\":[\"https:\\\/\\\/www.facebook.com\\\/mohurcu.az\",\"https:\\\/\\\/www.instagram.com\\\/mohurcu.az\\\/\",\"https:\\\/\\\/www.linkedin.com\\\/company\\\/mhrc\\\/\"]}]}<\/script>\n<!-- \/ Yoast SEO plugin. -->","yoast_head_json":{"title":"\u041f\u043e\u043b\u0438\u0442\u0438\u043a\u0430 \u043a\u043e\u043d\u0444\u0438\u0434\u0435\u043d\u0446\u0438\u0430\u043b\u044c\u043d\u043e\u0441\u0442\u0438 - M\u00f6h\u00fcrc\u00fc","robots":{"index":"index","follow":"follow","max-snippet":"max-snippet:-1","max-image-preview":"max-image-preview:large","max-video-preview":"max-video-preview:-1"},"canonical":"https:\/\/mohurcu.az\/ru\/politika-konfidencialnosti\/","og_locale":"ru_RU","og_type":"article","og_title":"\u041f\u043e\u043b\u0438\u0442\u0438\u043a\u0430 \u043a\u043e\u043d\u0444\u0438\u0434\u0435\u043d\u0446\u0438\u0430\u043b\u044c\u043d\u043e\u0441\u0442\u0438 - M\u00f6h\u00fcrc\u00fc","og_description":"Bu s\u0259n\u0259dd\u0259 (bundan sonra \u201cS\u0259n\u0259d\u201d) qeyd olunan \u015f\u0259rtl\u0259r, www.mohurcu.az sayt\u0131 il\u0259 (bundan sonra \u201cBiz\u201d, \u201cM\u00f6h\u00fcrc\u00fc MMC\u201d v\u0259 ya \u201cVeb-sayt\u201d) Veb-sayt\u0131n istifad\u0259\u00e7isi (bundan sonra \u201c\u0130stifad\u0259\u00e7i\u201d) aras\u0131nda m\u00fcbadil\u0259 olunan qar\u015f\u0131l\u0131ql\u0131 m\u0259lumatlar\u0131n konfidensiall\u0131\u011f\u0131n\u0131n t\u0259min edilm\u0259si m\u0259qs\u0259dini da\u015f\u0131y\u0131r. Bu S\u0259n\u0259dd\u0259 \u201cM\u00f6h\u00fcrc\u00fc\u201d dedikd\u0259, \u201cM\u00f6h\u00fcrc\u00fc\u201d \u0259mt\u0259\u0259 ni\u015fan\u0131n\u0131n sahibi \u2013 \u201cM\u00f6h\u00fcrc\u00fc\u201d M\u0259hdud M\u0259suliyy\u0259tli C\u0259miyy\u0259ti n\u0259z\u0259rd\u0259 tutulur. Bu S\u0259n\u0259dd\u0259 \u201c\u0130stifad\u0259\u00e7i\u201d dedikd\u0259, Veb-sayta h\u0259m [&hellip;]","og_url":"https:\/\/mohurcu.az\/ru\/politika-konfidencialnosti\/","og_site_name":"M\u00f6h\u00fcrc\u00fc","article_publisher":"https:\/\/www.facebook.com\/mohurcu.az","article_modified_time":"2021-12-26T17:59:09+00:00","twitter_card":"summary_large_image","twitter_misc":{"\u041f\u0440\u0438\u043c\u0435\u0440\u043d\u043e\u0435 \u0432\u0440\u0435\u043c\u044f \u0434\u043b\u044f \u0447\u0442\u0435\u043d\u0438\u044f":"5 \u043c\u0438\u043d\u0443\u0442"},"schema":{"@context":"https:\/\/schema.org","@graph":[{"@type":"WebPage","@id":"https:\/\/mohurcu.az\/ru\/politika-konfidencialnosti\/","url":"https:\/\/mohurcu.az\/ru\/politika-konfidencialnosti\/","name":"\u041f\u043e\u043b\u0438\u0442\u0438\u043a\u0430 \u043a\u043e\u043d\u0444\u0438\u0434\u0435\u043d\u0446\u0438\u0430\u043b\u044c\u043d\u043e\u0441\u0442\u0438 - M\u00f6h\u00fcrc\u00fc","isPartOf":{"@id":"https:\/\/mohurcu.az\/#website"},"datePublished":"2021-11-01T18:36:43+00:00","dateModified":"2021-12-26T17:59:09+00:00","breadcrumb":{"@id":"https:\/\/mohurcu.az\/ru\/politika-konfidencialnosti\/#breadcrumb"},"inLanguage":"ru-RU","potentialAction":[{"@type":"ReadAction","target":["https:\/\/mohurcu.az\/ru\/politika-konfidencialnosti\/"]}]},{"@type":"BreadcrumbList","@id":"https:\/\/mohurcu.az\/ru\/politika-konfidencialnosti\/#breadcrumb","itemListElement":[{"@type":"ListItem","position":1,"name":"Home","item":"https:\/\/mohurcu.az\/ru\/"},{"@type":"ListItem","position":2,"name":"\u041f\u043e\u043b\u0438\u0442\u0438\u043a\u0430 \u043a\u043e\u043d\u0444\u0438\u0434\u0435\u043d\u0446\u0438\u0430\u043b\u044c\u043d\u043e\u0441\u0442\u0438"}]},{"@type":"WebSite","@id":"https:\/\/mohurcu.az\/#website","url":"https:\/\/mohurcu.az\/","name":"M\u00f6h\u00fcrc\u00fc","description":"\u015firk\u0259ti 2015-ci ild\u0259n fiziki v\u0259 h\u00fcquqi \u015f\u0259xsl\u0259r\u0259, d\u00f6vl\u0259t m\u00fc\u0259ssis\u0259l\u0259rin\u0259 y\u00fcks\u0259k s\u0259viyy\u0259d\u0259 keyfiyy\u0259tli v\u0259 s\u00fcr\u0259tli xidm\u0259t g\u00f6st\u0259r\u0259k \u00f6z sah\u0259sind\u0259 inamla ir\u0259lil\u0259yir","publisher":{"@id":"https:\/\/mohurcu.az\/#organization"},"potentialAction":[{"@type":"SearchAction","target":{"@type":"EntryPoint","urlTemplate":"https:\/\/mohurcu.az\/?s={search_term_string}"},"query-input":{"@type":"PropertyValueSpecification","valueRequired":true,"valueName":"search_term_string"}}],"inLanguage":"ru-RU"},{"@type":"Organization","@id":"https:\/\/mohurcu.az\/#organization","name":"M\u00f6h\u00fcrc\u00fc","url":"https:\/\/mohurcu.az\/","logo":{"@type":"ImageObject","inLanguage":"ru-RU","@id":"https:\/\/mohurcu.az\/#\/schema\/logo\/image\/","url":"https:\/\/mohurcu.az\/wp-content\/uploads\/2021\/10\/logo.svg","contentUrl":"https:\/\/mohurcu.az\/wp-content\/uploads\/2021\/10\/logo.svg","caption":"M\u00f6h\u00fcrc\u00fc"},"image":{"@id":"https:\/\/mohurcu.az\/#\/schema\/logo\/image\/"},"sameAs":["https:\/\/www.facebook.com\/mohurcu.az","https:\/\/www.instagram.com\/mohurcu.az\/","https:\/\/www.linkedin.com\/company\/mhrc\/"]}]}},"_hostinger_reach_plugin_has_subscription_block":false,"_hostinger_reach_plugin_is_elementor":false,"_links":{"self":[{"href":"https:\/\/mohurcu.az\/ru\/wp-json\/wp\/v2\/pages\/812","targetHints":{"allow":["GET"]}}],"collection":[{"href":"https:\/\/mohurcu.az\/ru\/wp-json\/wp\/v2\/pages"}],"about":[{"href":"https:\/\/mohurcu.az\/ru\/wp-json\/wp\/v2\/types\/page"}],"author":[{"embeddable":true,"href":"https:\/\/mohurcu.az\/ru\/wp-json\/wp\/v2\/users\/1"}],"replies":[{"embeddable":true,"href":"https:\/\/mohurcu.az\/ru\/wp-json\/wp\/v2\/comments?post=812"}],"version-history":[{"count":1,"href":"https:\/\/mohurcu.az\/ru\/wp-json\/wp\/v2\/pages\/812\/revisions"}],"predecessor-version":[{"id":814,"href":"https:\/\/mohurcu.az\/ru\/wp-json\/wp\/v2\/pages\/812\/revisions\/814"}],"wp:attachment":[{"href":"https:\/\/mohurcu.az\/ru\/wp-json\/wp\/v2\/media?parent=812"}],"curies":[{"name":"wp","href":"https:\/\/api.w.org\/{rel}","templated":true}]}}