{"id":804,"date":"2021-10-29T17:42:36","date_gmt":"2021-10-29T17:42:36","guid":{"rendered":"https:\/\/mohurcu.az\/haqqimizda\/"},"modified":"2021-12-26T21:57:26","modified_gmt":"2021-12-26T17:57:26","slug":"o-nas","status":"publish","type":"page","link":"https:\/\/mohurcu.az\/ru\/o-nas\/","title":{"rendered":"\u041e \u043d\u0430\u0441"},"content":{"rendered":"<p><strong>Lorem Ipsum is simply dummy text of the printing and typesetting industry.<\/strong><\/p>\n<p>&#171;M\u00f6h\u00fcrc\u00fc&#187; \u015firk\u0259ti 2015-ci ild\u0259n fiziki v\u0259 h\u00fcquqi \u015f\u0259xsl\u0259r\u0259, d\u00f6vl\u0259t m\u00fc\u0259ssis\u0259l\u0259rin\u0259 y\u00fcks\u0259k s\u0259viyy\u0259d\u0259 keyfiyy\u0259tli v\u0259 s\u00fcr\u0259tli xidm\u0259t g\u00f6st\u0259r\u0259k \u00f6z sah\u0259sind\u0259 inamla ir\u0259lil\u0259yir. \u018fsas \u00fcst\u00fcnl\u00fcy\u00fcm\u00fcz s\u00fcr\u0259tli xidm\u0259t g\u00f6st\u0259rm\u0259yimizdir ki, bu f\u0259rqliliyimiz m\u00fc\u015ft\u0259ril\u0259rimizin b\u00f6y\u00fck r\u0259\u011fb\u0259tin\u0259 s\u0259b\u0259b olmu\u015fdur. \u015eirk\u0259timiz fiziki \u015f\u0259xsl\u0259r, h\u00fcquqi \u015f\u0259xsl\u0259r v\u0259 d\u00f6vl\u0259t m\u00fc\u0259ssis\u0259l\u0259ri \u00fc\u00e7\u00fcn m\u00f6h\u00fcr v\u0259 \u015ftamplar\u0131n, h\u0259m\u00e7inin n\u00f6mr\u0259 vuran, tarix vuran, plombir, kapilyar v\u0259 faksimil (imza) m\u00f6h\u00fcrl\u0259rinin v\u0259 ciddi hesabat blanklar\u0131n\u0131n haz\u0131rlanmas\u0131 xidm\u0259tl\u0259rini h\u0259yata ke\u00e7irir. M\u00fc\u0259lliml\u0259r, h\u0259kiml\u0259r, h\u00fcquq\u015f\u00fcnaslar, m\u00fchasibl\u0259r v\u0259 dig\u0259r pe\u015f\u0259 sahibl\u0259ri, h\u0259m\u00e7inin kitabsev\u0259rl\u0259r\u0259 \u00f6z\u0259l m\u00f6h\u00fcrl\u0259rin d\u0259 haz\u0131rlanmas\u0131 g\u00f6rd\u00fcy\u00fcm\u00fcz i\u015fl\u0259r s\u0131ras\u0131ndad\u0131r.<\/p>\n<div class=\"row\">\n<div class=\"col-8\">Bunlarla yana\u015f\u0131 d\u0259v\u0259tnaml\u0259ri, h\u0259diyy\u0259 qutular\u0131n\u0131 m\u00f6h\u00fcrl\u0259m\u0259k \u00fc\u00e7\u00fcn \u015fam m\u00f6h\u00fcrl\u0259ri, \u015firniyyat, sabun v\u0259 s. m\u0259hsullar\u0131n istehsal\u0131 zaman\u0131 istifad\u0259 edil\u0259n bronze m\u00f6h\u00fcrl\u0259rin haz\u0131rlanmas\u0131 t\u0259r\u0259fimizd\u0259n t\u0259\u015fkil edilir.<\/div>\n<div class=\"col-4\"><img loading=\"lazy\" decoding=\"async\" class=\"wp-image-139 size-full alignright\" src=\"https:\/\/mohurcu.az\/wp-content\/uploads\/2021\/10\/mohurcu-about-photo.png\" alt=\"\" width=\"324\" height=\"214\" srcset=\"https:\/\/mohurcu.az\/wp-content\/uploads\/2021\/10\/mohurcu-about-photo.png 324w, https:\/\/mohurcu.az\/wp-content\/uploads\/2021\/10\/mohurcu-about-photo-150x99.png 150w, https:\/\/mohurcu.az\/wp-content\/uploads\/2021\/10\/mohurcu-about-photo-300x198.png 300w\" sizes=\"auto, (max-width: 324px) 100vw, 324px\" \/><\/div>\n<\/div>\n","protected":false},"excerpt":{"rendered":"<p>Lorem Ipsum is simply dummy text of the printing and typesetting industry. &#171;M\u00f6h\u00fcrc\u00fc&#187; \u015firk\u0259ti 2015-ci ild\u0259n fiziki v\u0259 h\u00fcquqi \u015f\u0259xsl\u0259r\u0259, d\u00f6vl\u0259t m\u00fc\u0259ssis\u0259l\u0259rin\u0259 y\u00fcks\u0259k s\u0259viyy\u0259d\u0259 keyfiyy\u0259tli v\u0259 s\u00fcr\u0259tli xidm\u0259t g\u00f6st\u0259r\u0259k \u00f6z sah\u0259sind\u0259 inamla ir\u0259lil\u0259yir. \u018fsas \u00fcst\u00fcnl\u00fcy\u00fcm\u00fcz s\u00fcr\u0259tli xidm\u0259t g\u00f6st\u0259rm\u0259yimizdir ki, bu f\u0259rqliliyimiz m\u00fc\u015ft\u0259ril\u0259rimizin b\u00f6y\u00fck r\u0259\u011fb\u0259tin\u0259 s\u0259b\u0259b olmu\u015fdur. \u015eirk\u0259timiz fiziki \u015f\u0259xsl\u0259r, h\u00fcquqi \u015f\u0259xsl\u0259r v\u0259 d\u00f6vl\u0259t m\u00fc\u0259ssis\u0259l\u0259ri \u00fc\u00e7\u00fcn [&hellip;]<\/p>\n","protected":false},"author":1,"featured_media":0,"parent":0,"menu_order":0,"comment_status":"closed","ping_status":"closed","template":"about.php","meta":{"footnotes":""},"class_list":["post-804","page","type-page","status-publish","hentry"],"yoast_head":"<!-- This site is optimized with the Yoast SEO plugin v27.4 - https:\/\/yoast.com\/product\/yoast-seo-wordpress\/ -->\n<title>\u041e \u043d\u0430\u0441 - M\u00f6h\u00fcrc\u00fc<\/title>\n<meta name=\"robots\" content=\"index, follow, max-snippet:-1, max-image-preview:large, max-video-preview:-1\" \/>\n<link rel=\"canonical\" href=\"https:\/\/mohurcu.az\/ru\/o-nas\/\" \/>\n<meta property=\"og:locale\" content=\"ru_RU\" \/>\n<meta property=\"og:type\" content=\"article\" \/>\n<meta property=\"og:title\" content=\"\u041e \u043d\u0430\u0441 - M\u00f6h\u00fcrc\u00fc\" \/>\n<meta property=\"og:description\" content=\"Lorem Ipsum is simply dummy text of the printing and typesetting industry. &#171;M\u00f6h\u00fcrc\u00fc&#187; \u015firk\u0259ti 2015-ci ild\u0259n fiziki v\u0259 h\u00fcquqi \u015f\u0259xsl\u0259r\u0259, d\u00f6vl\u0259t m\u00fc\u0259ssis\u0259l\u0259rin\u0259 y\u00fcks\u0259k s\u0259viyy\u0259d\u0259 keyfiyy\u0259tli v\u0259 s\u00fcr\u0259tli xidm\u0259t g\u00f6st\u0259r\u0259k \u00f6z sah\u0259sind\u0259 inamla ir\u0259lil\u0259yir. \u018fsas \u00fcst\u00fcnl\u00fcy\u00fcm\u00fcz s\u00fcr\u0259tli xidm\u0259t g\u00f6st\u0259rm\u0259yimizdir ki, bu f\u0259rqliliyimiz m\u00fc\u015ft\u0259ril\u0259rimizin b\u00f6y\u00fck r\u0259\u011fb\u0259tin\u0259 s\u0259b\u0259b olmu\u015fdur. \u015eirk\u0259timiz fiziki \u015f\u0259xsl\u0259r, h\u00fcquqi \u015f\u0259xsl\u0259r v\u0259 d\u00f6vl\u0259t m\u00fc\u0259ssis\u0259l\u0259ri \u00fc\u00e7\u00fcn [&hellip;]\" \/>\n<meta property=\"og:url\" content=\"https:\/\/mohurcu.az\/ru\/o-nas\/\" \/>\n<meta property=\"og:site_name\" content=\"M\u00f6h\u00fcrc\u00fc\" \/>\n<meta property=\"article:publisher\" content=\"https:\/\/www.facebook.com\/mohurcu.az\" \/>\n<meta property=\"article:modified_time\" content=\"2021-12-26T17:57:26+00:00\" \/>\n<meta property=\"og:image\" content=\"https:\/\/mohurcu.az\/wp-content\/uploads\/2021\/10\/mohurcu-about-photo.png\" \/>\n<meta name=\"twitter:card\" content=\"summary_large_image\" \/>\n<meta name=\"twitter:label1\" content=\"\u041f\u0440\u0438\u043c\u0435\u0440\u043d\u043e\u0435 \u0432\u0440\u0435\u043c\u044f \u0434\u043b\u044f \u0447\u0442\u0435\u043d\u0438\u044f\" \/>\n\t<meta name=\"twitter:data1\" content=\"1 \u043c\u0438\u043d\u0443\u0442\u0430\" \/>\n<script type=\"application\/ld+json\" class=\"yoast-schema-graph\">{\"@context\":\"https:\\\/\\\/schema.org\",\"@graph\":[{\"@type\":\"WebPage\",\"@id\":\"https:\\\/\\\/mohurcu.az\\\/ru\\\/o-nas\\\/\",\"url\":\"https:\\\/\\\/mohurcu.az\\\/ru\\\/o-nas\\\/\",\"name\":\"\u041e \u043d\u0430\u0441 - M\u00f6h\u00fcrc\u00fc\",\"isPartOf\":{\"@id\":\"https:\\\/\\\/mohurcu.az\\\/#website\"},\"primaryImageOfPage\":{\"@id\":\"https:\\\/\\\/mohurcu.az\\\/ru\\\/o-nas\\\/#primaryimage\"},\"image\":{\"@id\":\"https:\\\/\\\/mohurcu.az\\\/ru\\\/o-nas\\\/#primaryimage\"},\"thumbnailUrl\":\"https:\\\/\\\/mohurcu.az\\\/wp-content\\\/uploads\\\/2021\\\/10\\\/mohurcu-about-photo.png\",\"datePublished\":\"2021-10-29T17:42:36+00:00\",\"dateModified\":\"2021-12-26T17:57:26+00:00\",\"breadcrumb\":{\"@id\":\"https:\\\/\\\/mohurcu.az\\\/ru\\\/o-nas\\\/#breadcrumb\"},\"inLanguage\":\"ru-RU\",\"potentialAction\":[{\"@type\":\"ReadAction\",\"target\":[\"https:\\\/\\\/mohurcu.az\\\/ru\\\/o-nas\\\/\"]}]},{\"@type\":\"ImageObject\",\"inLanguage\":\"ru-RU\",\"@id\":\"https:\\\/\\\/mohurcu.az\\\/ru\\\/o-nas\\\/#primaryimage\",\"url\":\"https:\\\/\\\/mohurcu.az\\\/wp-content\\\/uploads\\\/2021\\\/10\\\/mohurcu-about-photo.png\",\"contentUrl\":\"https:\\\/\\\/mohurcu.az\\\/wp-content\\\/uploads\\\/2021\\\/10\\\/mohurcu-about-photo.png\"},{\"@type\":\"BreadcrumbList\",\"@id\":\"https:\\\/\\\/mohurcu.az\\\/ru\\\/o-nas\\\/#breadcrumb\",\"itemListElement\":[{\"@type\":\"ListItem\",\"position\":1,\"name\":\"Home\",\"item\":\"https:\\\/\\\/mohurcu.az\\\/ru\\\/\"},{\"@type\":\"ListItem\",\"position\":2,\"name\":\"\u041e \u043d\u0430\u0441\"}]},{\"@type\":\"WebSite\",\"@id\":\"https:\\\/\\\/mohurcu.az\\\/#website\",\"url\":\"https:\\\/\\\/mohurcu.az\\\/\",\"name\":\"M\u00f6h\u00fcrc\u00fc\",\"description\":\"\u015firk\u0259ti 2015-ci ild\u0259n fiziki v\u0259 h\u00fcquqi \u015f\u0259xsl\u0259r\u0259, d\u00f6vl\u0259t m\u00fc\u0259ssis\u0259l\u0259rin\u0259 y\u00fcks\u0259k s\u0259viyy\u0259d\u0259 keyfiyy\u0259tli v\u0259 s\u00fcr\u0259tli xidm\u0259t g\u00f6st\u0259r\u0259k \u00f6z sah\u0259sind\u0259 inamla ir\u0259lil\u0259yir\",\"publisher\":{\"@id\":\"https:\\\/\\\/mohurcu.az\\\/#organization\"},\"potentialAction\":[{\"@type\":\"SearchAction\",\"target\":{\"@type\":\"EntryPoint\",\"urlTemplate\":\"https:\\\/\\\/mohurcu.az\\\/?s={search_term_string}\"},\"query-input\":{\"@type\":\"PropertyValueSpecification\",\"valueRequired\":true,\"valueName\":\"search_term_string\"}}],\"inLanguage\":\"ru-RU\"},{\"@type\":\"Organization\",\"@id\":\"https:\\\/\\\/mohurcu.az\\\/#organization\",\"name\":\"M\u00f6h\u00fcrc\u00fc\",\"url\":\"https:\\\/\\\/mohurcu.az\\\/\",\"logo\":{\"@type\":\"ImageObject\",\"inLanguage\":\"ru-RU\",\"@id\":\"https:\\\/\\\/mohurcu.az\\\/#\\\/schema\\\/logo\\\/image\\\/\",\"url\":\"https:\\\/\\\/mohurcu.az\\\/wp-content\\\/uploads\\\/2021\\\/10\\\/logo.svg\",\"contentUrl\":\"https:\\\/\\\/mohurcu.az\\\/wp-content\\\/uploads\\\/2021\\\/10\\\/logo.svg\",\"caption\":\"M\u00f6h\u00fcrc\u00fc\"},\"image\":{\"@id\":\"https:\\\/\\\/mohurcu.az\\\/#\\\/schema\\\/logo\\\/image\\\/\"},\"sameAs\":[\"https:\\\/\\\/www.facebook.com\\\/mohurcu.az\",\"https:\\\/\\\/www.instagram.com\\\/mohurcu.az\\\/\",\"https:\\\/\\\/www.linkedin.com\\\/company\\\/mhrc\\\/\"]}]}<\/script>\n<!-- \/ Yoast SEO plugin. -->","yoast_head_json":{"title":"\u041e \u043d\u0430\u0441 - M\u00f6h\u00fcrc\u00fc","robots":{"index":"index","follow":"follow","max-snippet":"max-snippet:-1","max-image-preview":"max-image-preview:large","max-video-preview":"max-video-preview:-1"},"canonical":"https:\/\/mohurcu.az\/ru\/o-nas\/","og_locale":"ru_RU","og_type":"article","og_title":"\u041e \u043d\u0430\u0441 - M\u00f6h\u00fcrc\u00fc","og_description":"Lorem Ipsum is simply dummy text of the printing and typesetting industry. &#171;M\u00f6h\u00fcrc\u00fc&#187; \u015firk\u0259ti 2015-ci ild\u0259n fiziki v\u0259 h\u00fcquqi \u015f\u0259xsl\u0259r\u0259, d\u00f6vl\u0259t m\u00fc\u0259ssis\u0259l\u0259rin\u0259 y\u00fcks\u0259k s\u0259viyy\u0259d\u0259 keyfiyy\u0259tli v\u0259 s\u00fcr\u0259tli xidm\u0259t g\u00f6st\u0259r\u0259k \u00f6z sah\u0259sind\u0259 inamla ir\u0259lil\u0259yir. \u018fsas \u00fcst\u00fcnl\u00fcy\u00fcm\u00fcz s\u00fcr\u0259tli xidm\u0259t g\u00f6st\u0259rm\u0259yimizdir ki, bu f\u0259rqliliyimiz m\u00fc\u015ft\u0259ril\u0259rimizin b\u00f6y\u00fck r\u0259\u011fb\u0259tin\u0259 s\u0259b\u0259b olmu\u015fdur. \u015eirk\u0259timiz fiziki \u015f\u0259xsl\u0259r, h\u00fcquqi \u015f\u0259xsl\u0259r v\u0259 d\u00f6vl\u0259t m\u00fc\u0259ssis\u0259l\u0259ri \u00fc\u00e7\u00fcn [&hellip;]","og_url":"https:\/\/mohurcu.az\/ru\/o-nas\/","og_site_name":"M\u00f6h\u00fcrc\u00fc","article_publisher":"https:\/\/www.facebook.com\/mohurcu.az","article_modified_time":"2021-12-26T17:57:26+00:00","og_image":[{"url":"https:\/\/mohurcu.az\/wp-content\/uploads\/2021\/10\/mohurcu-about-photo.png","type":"","width":"","height":""}],"twitter_card":"summary_large_image","twitter_misc":{"\u041f\u0440\u0438\u043c\u0435\u0440\u043d\u043e\u0435 \u0432\u0440\u0435\u043c\u044f \u0434\u043b\u044f \u0447\u0442\u0435\u043d\u0438\u044f":"1 \u043c\u0438\u043d\u0443\u0442\u0430"},"schema":{"@context":"https:\/\/schema.org","@graph":[{"@type":"WebPage","@id":"https:\/\/mohurcu.az\/ru\/o-nas\/","url":"https:\/\/mohurcu.az\/ru\/o-nas\/","name":"\u041e \u043d\u0430\u0441 - M\u00f6h\u00fcrc\u00fc","isPartOf":{"@id":"https:\/\/mohurcu.az\/#website"},"primaryImageOfPage":{"@id":"https:\/\/mohurcu.az\/ru\/o-nas\/#primaryimage"},"image":{"@id":"https:\/\/mohurcu.az\/ru\/o-nas\/#primaryimage"},"thumbnailUrl":"https:\/\/mohurcu.az\/wp-content\/uploads\/2021\/10\/mohurcu-about-photo.png","datePublished":"2021-10-29T17:42:36+00:00","dateModified":"2021-12-26T17:57:26+00:00","breadcrumb":{"@id":"https:\/\/mohurcu.az\/ru\/o-nas\/#breadcrumb"},"inLanguage":"ru-RU","potentialAction":[{"@type":"ReadAction","target":["https:\/\/mohurcu.az\/ru\/o-nas\/"]}]},{"@type":"ImageObject","inLanguage":"ru-RU","@id":"https:\/\/mohurcu.az\/ru\/o-nas\/#primaryimage","url":"https:\/\/mohurcu.az\/wp-content\/uploads\/2021\/10\/mohurcu-about-photo.png","contentUrl":"https:\/\/mohurcu.az\/wp-content\/uploads\/2021\/10\/mohurcu-about-photo.png"},{"@type":"BreadcrumbList","@id":"https:\/\/mohurcu.az\/ru\/o-nas\/#breadcrumb","itemListElement":[{"@type":"ListItem","position":1,"name":"Home","item":"https:\/\/mohurcu.az\/ru\/"},{"@type":"ListItem","position":2,"name":"\u041e \u043d\u0430\u0441"}]},{"@type":"WebSite","@id":"https:\/\/mohurcu.az\/#website","url":"https:\/\/mohurcu.az\/","name":"M\u00f6h\u00fcrc\u00fc","description":"\u015firk\u0259ti 2015-ci ild\u0259n fiziki v\u0259 h\u00fcquqi \u015f\u0259xsl\u0259r\u0259, d\u00f6vl\u0259t m\u00fc\u0259ssis\u0259l\u0259rin\u0259 y\u00fcks\u0259k s\u0259viyy\u0259d\u0259 keyfiyy\u0259tli v\u0259 s\u00fcr\u0259tli xidm\u0259t g\u00f6st\u0259r\u0259k \u00f6z sah\u0259sind\u0259 inamla ir\u0259lil\u0259yir","publisher":{"@id":"https:\/\/mohurcu.az\/#organization"},"potentialAction":[{"@type":"SearchAction","target":{"@type":"EntryPoint","urlTemplate":"https:\/\/mohurcu.az\/?s={search_term_string}"},"query-input":{"@type":"PropertyValueSpecification","valueRequired":true,"valueName":"search_term_string"}}],"inLanguage":"ru-RU"},{"@type":"Organization","@id":"https:\/\/mohurcu.az\/#organization","name":"M\u00f6h\u00fcrc\u00fc","url":"https:\/\/mohurcu.az\/","logo":{"@type":"ImageObject","inLanguage":"ru-RU","@id":"https:\/\/mohurcu.az\/#\/schema\/logo\/image\/","url":"https:\/\/mohurcu.az\/wp-content\/uploads\/2021\/10\/logo.svg","contentUrl":"https:\/\/mohurcu.az\/wp-content\/uploads\/2021\/10\/logo.svg","caption":"M\u00f6h\u00fcrc\u00fc"},"image":{"@id":"https:\/\/mohurcu.az\/#\/schema\/logo\/image\/"},"sameAs":["https:\/\/www.facebook.com\/mohurcu.az","https:\/\/www.instagram.com\/mohurcu.az\/","https:\/\/www.linkedin.com\/company\/mhrc\/"]}]}},"_hostinger_reach_plugin_has_subscription_block":false,"_hostinger_reach_plugin_is_elementor":false,"_links":{"self":[{"href":"https:\/\/mohurcu.az\/ru\/wp-json\/wp\/v2\/pages\/804","targetHints":{"allow":["GET"]}}],"collection":[{"href":"https:\/\/mohurcu.az\/ru\/wp-json\/wp\/v2\/pages"}],"about":[{"href":"https:\/\/mohurcu.az\/ru\/wp-json\/wp\/v2\/types\/page"}],"author":[{"embeddable":true,"href":"https:\/\/mohurcu.az\/ru\/wp-json\/wp\/v2\/users\/1"}],"replies":[{"embeddable":true,"href":"https:\/\/mohurcu.az\/ru\/wp-json\/wp\/v2\/comments?post=804"}],"version-history":[{"count":1,"href":"https:\/\/mohurcu.az\/ru\/wp-json\/wp\/v2\/pages\/804\/revisions"}],"predecessor-version":[{"id":810,"href":"https:\/\/mohurcu.az\/ru\/wp-json\/wp\/v2\/pages\/804\/revisions\/810"}],"wp:attachment":[{"href":"https:\/\/mohurcu.az\/ru\/wp-json\/wp\/v2\/media?parent=804"}],"curies":[{"name":"wp","href":"https:\/\/api.w.org\/{rel}","templated":true}]}}