{"id":922,"date":"2022-02-09T15:08:26","date_gmt":"2022-02-09T11:08:26","guid":{"rendered":"https:\/\/mohurcu.az\/products\/trodat-1000-1020\/"},"modified":"2025-06-08T17:24:35","modified_gmt":"2025-06-08T13:24:35","slug":"trodat-1000-1020","status":"publish","type":"product","link":"https:\/\/mohurcu.az\/en\/products\/trodat-1000-1020\/","title":{"rendered":"Trodat 1000-1020"},"content":{"rendered":"","protected":false},"excerpt":{"rendered":"<p><strong>Qeyd:<\/strong> Qiym\u0259t \u00f6l\u00e7\u00fc v\u0259 mexanizml\u0259r\u0259 g\u00f6r\u0259 d\u0259yi\u015f\u0259 bil\u0259r.<\/p>\n","protected":false},"featured_media":917,"template":"","meta":[],"product_brand":[],"product_cat":[55],"product_tag":[60],"class_list":{"0":"post-922","1":"product","2":"type-product","3":"status-publish","4":"has-post-thumbnail","6":"product_cat-tarix-vuranlar-en","7":"product_tag-trodat-en","9":"first","10":"instock","11":"shipping-taxable","12":"purchasable","13":"product-type-simple"},"yoast_head":"<!-- This site is optimized with the Yoast SEO plugin v27.4 - https:\/\/yoast.com\/product\/yoast-seo-wordpress\/ -->\n<title>Trodat 1000-1020 - M\u00f6h\u00fcrc\u00fc<\/title>\n<meta name=\"robots\" content=\"index, follow, max-snippet:-1, max-image-preview:large, max-video-preview:-1\" \/>\n<link rel=\"canonical\" href=\"https:\/\/mohurcu.az\/en\/products\/trodat-1000-1020\/\" \/>\n<meta property=\"og:locale\" content=\"en_US\" \/>\n<meta property=\"og:type\" content=\"article\" \/>\n<meta property=\"og:title\" content=\"Trodat 1000-1020 - M\u00f6h\u00fcrc\u00fc\" \/>\n<meta property=\"og:description\" content=\"Qeyd: Qiym\u0259t \u00f6l\u00e7\u00fc v\u0259 mexanizml\u0259r\u0259 g\u00f6r\u0259 d\u0259yi\u015f\u0259 bil\u0259r.\" \/>\n<meta property=\"og:url\" content=\"https:\/\/mohurcu.az\/en\/products\/trodat-1000-1020\/\" \/>\n<meta property=\"og:site_name\" content=\"M\u00f6h\u00fcrc\u00fc\" \/>\n<meta property=\"article:publisher\" content=\"https:\/\/www.facebook.com\/mohurcu.az\" \/>\n<meta property=\"article:modified_time\" content=\"2025-06-08T13:24:35+00:00\" \/>\n<meta property=\"og:image\" content=\"https:\/\/mohurcu.az\/wp-content\/uploads\/2022\/02\/productimage.png\" \/>\n\t<meta property=\"og:image:width\" content=\"320\" \/>\n\t<meta property=\"og:image:height\" content=\"442\" \/>\n\t<meta property=\"og:image:type\" content=\"image\/png\" \/>\n<meta name=\"twitter:card\" content=\"summary_large_image\" \/>\n<script type=\"application\/ld+json\" class=\"yoast-schema-graph\">{\"@context\":\"https:\\\/\\\/schema.org\",\"@graph\":[{\"@type\":\"WebPage\",\"@id\":\"https:\\\/\\\/mohurcu.az\\\/en\\\/products\\\/trodat-1000-1020\\\/\",\"url\":\"https:\\\/\\\/mohurcu.az\\\/en\\\/products\\\/trodat-1000-1020\\\/\",\"name\":\"Trodat 1000-1020 - M\u00f6h\u00fcrc\u00fc\",\"isPartOf\":{\"@id\":\"https:\\\/\\\/mohurcu.az\\\/#website\"},\"primaryImageOfPage\":{\"@id\":\"https:\\\/\\\/mohurcu.az\\\/en\\\/products\\\/trodat-1000-1020\\\/#primaryimage\"},\"image\":{\"@id\":\"https:\\\/\\\/mohurcu.az\\\/en\\\/products\\\/trodat-1000-1020\\\/#primaryimage\"},\"thumbnailUrl\":\"https:\\\/\\\/mohurcu.az\\\/wp-content\\\/uploads\\\/2022\\\/02\\\/productimage.png\",\"datePublished\":\"2022-02-09T11:08:26+00:00\",\"dateModified\":\"2025-06-08T13:24:35+00:00\",\"breadcrumb\":{\"@id\":\"https:\\\/\\\/mohurcu.az\\\/en\\\/products\\\/trodat-1000-1020\\\/#breadcrumb\"},\"inLanguage\":\"en-US\",\"potentialAction\":[{\"@type\":\"ReadAction\",\"target\":[\"https:\\\/\\\/mohurcu.az\\\/en\\\/products\\\/trodat-1000-1020\\\/\"]}]},{\"@type\":\"ImageObject\",\"inLanguage\":\"en-US\",\"@id\":\"https:\\\/\\\/mohurcu.az\\\/en\\\/products\\\/trodat-1000-1020\\\/#primaryimage\",\"url\":\"https:\\\/\\\/mohurcu.az\\\/wp-content\\\/uploads\\\/2022\\\/02\\\/productimage.png\",\"contentUrl\":\"https:\\\/\\\/mohurcu.az\\\/wp-content\\\/uploads\\\/2022\\\/02\\\/productimage.png\",\"width\":320,\"height\":442},{\"@type\":\"BreadcrumbList\",\"@id\":\"https:\\\/\\\/mohurcu.az\\\/en\\\/products\\\/trodat-1000-1020\\\/#breadcrumb\",\"itemListElement\":[{\"@type\":\"ListItem\",\"position\":1,\"name\":\"Home\",\"item\":\"https:\\\/\\\/mohurcu.az\\\/en\\\/\"},{\"@type\":\"ListItem\",\"position\":2,\"name\":\"M\u0259hsullar\",\"item\":\"https:\\\/\\\/mohurcu.az\\\/mehsullar\\\/\"},{\"@type\":\"ListItem\",\"position\":3,\"name\":\"Trodat 1000-1020\"}]},{\"@type\":\"WebSite\",\"@id\":\"https:\\\/\\\/mohurcu.az\\\/#website\",\"url\":\"https:\\\/\\\/mohurcu.az\\\/\",\"name\":\"M\u00f6h\u00fcrc\u00fc\",\"description\":\"\u015firk\u0259ti 2015-ci ild\u0259n fiziki v\u0259 h\u00fcquqi \u015f\u0259xsl\u0259r\u0259, d\u00f6vl\u0259t m\u00fc\u0259ssis\u0259l\u0259rin\u0259 y\u00fcks\u0259k s\u0259viyy\u0259d\u0259 keyfiyy\u0259tli v\u0259 s\u00fcr\u0259tli xidm\u0259t g\u00f6st\u0259r\u0259k \u00f6z sah\u0259sind\u0259 inamla ir\u0259lil\u0259yir\",\"publisher\":{\"@id\":\"https:\\\/\\\/mohurcu.az\\\/#organization\"},\"potentialAction\":[{\"@type\":\"SearchAction\",\"target\":{\"@type\":\"EntryPoint\",\"urlTemplate\":\"https:\\\/\\\/mohurcu.az\\\/?s={search_term_string}\"},\"query-input\":{\"@type\":\"PropertyValueSpecification\",\"valueRequired\":true,\"valueName\":\"search_term_string\"}}],\"inLanguage\":\"en-US\"},{\"@type\":\"Organization\",\"@id\":\"https:\\\/\\\/mohurcu.az\\\/#organization\",\"name\":\"M\u00f6h\u00fcrc\u00fc\",\"url\":\"https:\\\/\\\/mohurcu.az\\\/\",\"logo\":{\"@type\":\"ImageObject\",\"inLanguage\":\"en-US\",\"@id\":\"https:\\\/\\\/mohurcu.az\\\/#\\\/schema\\\/logo\\\/image\\\/\",\"url\":\"https:\\\/\\\/mohurcu.az\\\/wp-content\\\/uploads\\\/2021\\\/10\\\/logo.svg\",\"contentUrl\":\"https:\\\/\\\/mohurcu.az\\\/wp-content\\\/uploads\\\/2021\\\/10\\\/logo.svg\",\"caption\":\"M\u00f6h\u00fcrc\u00fc\"},\"image\":{\"@id\":\"https:\\\/\\\/mohurcu.az\\\/#\\\/schema\\\/logo\\\/image\\\/\"},\"sameAs\":[\"https:\\\/\\\/www.facebook.com\\\/mohurcu.az\",\"https:\\\/\\\/www.instagram.com\\\/mohurcu.az\\\/\",\"https:\\\/\\\/www.linkedin.com\\\/company\\\/mhrc\\\/\"]}]}<\/script>\n<!-- \/ Yoast SEO plugin. -->","yoast_head_json":{"title":"Trodat 1000-1020 - M\u00f6h\u00fcrc\u00fc","robots":{"index":"index","follow":"follow","max-snippet":"max-snippet:-1","max-image-preview":"max-image-preview:large","max-video-preview":"max-video-preview:-1"},"canonical":"https:\/\/mohurcu.az\/en\/products\/trodat-1000-1020\/","og_locale":"en_US","og_type":"article","og_title":"Trodat 1000-1020 - M\u00f6h\u00fcrc\u00fc","og_description":"Qeyd: Qiym\u0259t \u00f6l\u00e7\u00fc v\u0259 mexanizml\u0259r\u0259 g\u00f6r\u0259 d\u0259yi\u015f\u0259 bil\u0259r.","og_url":"https:\/\/mohurcu.az\/en\/products\/trodat-1000-1020\/","og_site_name":"M\u00f6h\u00fcrc\u00fc","article_publisher":"https:\/\/www.facebook.com\/mohurcu.az","article_modified_time":"2025-06-08T13:24:35+00:00","og_image":[{"width":320,"height":442,"url":"https:\/\/mohurcu.az\/wp-content\/uploads\/2022\/02\/productimage.png","type":"image\/png"}],"twitter_card":"summary_large_image","schema":{"@context":"https:\/\/schema.org","@graph":[{"@type":"WebPage","@id":"https:\/\/mohurcu.az\/en\/products\/trodat-1000-1020\/","url":"https:\/\/mohurcu.az\/en\/products\/trodat-1000-1020\/","name":"Trodat 1000-1020 - M\u00f6h\u00fcrc\u00fc","isPartOf":{"@id":"https:\/\/mohurcu.az\/#website"},"primaryImageOfPage":{"@id":"https:\/\/mohurcu.az\/en\/products\/trodat-1000-1020\/#primaryimage"},"image":{"@id":"https:\/\/mohurcu.az\/en\/products\/trodat-1000-1020\/#primaryimage"},"thumbnailUrl":"https:\/\/mohurcu.az\/wp-content\/uploads\/2022\/02\/productimage.png","datePublished":"2022-02-09T11:08:26+00:00","dateModified":"2025-06-08T13:24:35+00:00","breadcrumb":{"@id":"https:\/\/mohurcu.az\/en\/products\/trodat-1000-1020\/#breadcrumb"},"inLanguage":"en-US","potentialAction":[{"@type":"ReadAction","target":["https:\/\/mohurcu.az\/en\/products\/trodat-1000-1020\/"]}]},{"@type":"ImageObject","inLanguage":"en-US","@id":"https:\/\/mohurcu.az\/en\/products\/trodat-1000-1020\/#primaryimage","url":"https:\/\/mohurcu.az\/wp-content\/uploads\/2022\/02\/productimage.png","contentUrl":"https:\/\/mohurcu.az\/wp-content\/uploads\/2022\/02\/productimage.png","width":320,"height":442},{"@type":"BreadcrumbList","@id":"https:\/\/mohurcu.az\/en\/products\/trodat-1000-1020\/#breadcrumb","itemListElement":[{"@type":"ListItem","position":1,"name":"Home","item":"https:\/\/mohurcu.az\/en\/"},{"@type":"ListItem","position":2,"name":"M\u0259hsullar","item":"https:\/\/mohurcu.az\/mehsullar\/"},{"@type":"ListItem","position":3,"name":"Trodat 1000-1020"}]},{"@type":"WebSite","@id":"https:\/\/mohurcu.az\/#website","url":"https:\/\/mohurcu.az\/","name":"M\u00f6h\u00fcrc\u00fc","description":"\u015firk\u0259ti 2015-ci ild\u0259n fiziki v\u0259 h\u00fcquqi \u015f\u0259xsl\u0259r\u0259, d\u00f6vl\u0259t m\u00fc\u0259ssis\u0259l\u0259rin\u0259 y\u00fcks\u0259k s\u0259viyy\u0259d\u0259 keyfiyy\u0259tli v\u0259 s\u00fcr\u0259tli xidm\u0259t g\u00f6st\u0259r\u0259k \u00f6z sah\u0259sind\u0259 inamla ir\u0259lil\u0259yir","publisher":{"@id":"https:\/\/mohurcu.az\/#organization"},"potentialAction":[{"@type":"SearchAction","target":{"@type":"EntryPoint","urlTemplate":"https:\/\/mohurcu.az\/?s={search_term_string}"},"query-input":{"@type":"PropertyValueSpecification","valueRequired":true,"valueName":"search_term_string"}}],"inLanguage":"en-US"},{"@type":"Organization","@id":"https:\/\/mohurcu.az\/#organization","name":"M\u00f6h\u00fcrc\u00fc","url":"https:\/\/mohurcu.az\/","logo":{"@type":"ImageObject","inLanguage":"en-US","@id":"https:\/\/mohurcu.az\/#\/schema\/logo\/image\/","url":"https:\/\/mohurcu.az\/wp-content\/uploads\/2021\/10\/logo.svg","contentUrl":"https:\/\/mohurcu.az\/wp-content\/uploads\/2021\/10\/logo.svg","caption":"M\u00f6h\u00fcrc\u00fc"},"image":{"@id":"https:\/\/mohurcu.az\/#\/schema\/logo\/image\/"},"sameAs":["https:\/\/www.facebook.com\/mohurcu.az","https:\/\/www.instagram.com\/mohurcu.az\/","https:\/\/www.linkedin.com\/company\/mhrc\/"]}]}},"_links":{"self":[{"href":"https:\/\/mohurcu.az\/en\/wp-json\/wp\/v2\/product\/922","targetHints":{"allow":["GET"]}}],"collection":[{"href":"https:\/\/mohurcu.az\/en\/wp-json\/wp\/v2\/product"}],"about":[{"href":"https:\/\/mohurcu.az\/en\/wp-json\/wp\/v2\/types\/product"}],"wp:featuredmedia":[{"embeddable":true,"href":"https:\/\/mohurcu.az\/en\/wp-json\/wp\/v2\/media\/917"}],"wp:attachment":[{"href":"https:\/\/mohurcu.az\/en\/wp-json\/wp\/v2\/media?parent=922"}],"wp:term":[{"taxonomy":"product_brand","embeddable":true,"href":"https:\/\/mohurcu.az\/en\/wp-json\/wp\/v2\/product_brand?post=922"},{"taxonomy":"product_cat","embeddable":true,"href":"https:\/\/mohurcu.az\/en\/wp-json\/wp\/v2\/product_cat?post=922"},{"taxonomy":"product_tag","embeddable":true,"href":"https:\/\/mohurcu.az\/en\/wp-json\/wp\/v2\/product_tag?post=922"}],"curies":[{"name":"wp","href":"https:\/\/api.w.org\/{rel}","templated":true}]}}